{"id":1023,"date":"2020-09-22T03:28:53","date_gmt":"2020-09-22T03:28:53","guid":{"rendered":"http:\/\/wpdemo.archiwp.com\/maxbizz\/?page_id=1023"},"modified":"2024-06-03T15:21:21","modified_gmt":"2024-06-03T15:21:21","slug":"hlavni-stranka","status":"publish","type":"page","link":"https:\/\/stavimeplzensko.cz\/","title":{"rendered":"Hlavn\u00ed str\u00e1nka"},"content":{"rendered":"<h2>STAV\u00cdME PLZE\u0147SKO &#8211; STAVITEL\u00c9 A DEVELOPE\u0158I<\/h2>\n<p>Stav\u00edme Plze\u0148sko. Stav\u00edme pro V\u00e1s. Stav\u00edme pro lidi.<\/p>\n<p><a href=\"#1\">V\u00edce o n\u00e1s:<\/a><br \/>\nStav\u00edme Plze\u0148sko &#8211; Sta\u0148te se na\u0161imi partnery<\/p>\n<h3>Stav\u00edme Plze\u0148sko<br \/>\ndomy a byty t\u011bch nejvy\u0161\u0161\u00edch kvalit.<\/h3>\n<h5>Development<\/h5>\n<p>Jsme spole\u010denstv\u00ed investor\u016f, kte\u0159\u00ed tvo\u0159\u00ed nov\u00e9 bydlen\u00ed pro lidi v p\u0159edev\u0161\u00edm lokalit\u011b Plze\u0148sk\u00fd kraj. M\u00e1me v\u00edce ne\u017e 6 let zku\u0161enost\u00ed v oboru. Ve\u0161ker\u00e9 stavby pro V\u00e1s stav\u00edme v dostupn\u00e9 kvalit\u011b a dle sjednan\u00fdch podm\u00ednek.<\/p>\n<h5>Rekonstrukce<\/h5>\n<p>M\u00e1me \u0159adu zku\u0161enost\u00ed s modernizac\u00ed a rekonstrukc\u00ed, n\u00e1stavbami na na bytov\u00fdch domech i realizac\u00ed samostatn\u00fdch rodinn\u00fdch dom\u016f. Spolupracujeme s prov\u011b\u0159en\u00fdmi architekty a projektanty.<\/p>\n<h5>Financov\u00e1n\u00ed<\/h5>\n<p>Financov\u00e1n\u00ed n\u00e1kupu domu pro V\u00e1s r\u00e1di zajist\u00edme a propoj\u00edme s na\u0161\u00ed financuj\u00edc\u00ed bankou. Ke koupi nemovitosti V\u00e1m bude na za\u010d\u00e1tku sta\u010dit 10 % z kupn\u00ed ceny. Financov\u00e1n\u00ed n\u00e1kupu pro V\u00e1s zajist\u00edme u\u017e od 3,99 % p.a.<\/p>\n<h2>SPOLUPRACUJEME<\/h2>\n<h2>KLOUB\u00cdME S.RO.<\/h2>\n<p><a href=\"https:\/\/kloubime.cz\" target=\"_blank\" rel=\"noopener\"><br \/>\n<img loading=\"lazy\" decoding=\"async\" src=\"http:\/\/stavimeplzensko.cz\/wp-content\/uploads\/2023\/05\/309575242_1145898763031211_8814591991772146372_n-1-150x150-1.png\" alt=\"\" width=\"150\" height=\"150\" \/> <\/a><\/p>\n<p>Kombinujeme r\u016fzn\u00e9 slu\u017eby, tak abychom v\u00e1m u\u0161et\u0159ili \u010das a \u010dasto i finance. Z\u00e1kladem na\u0161\u00ed pr\u00e1ce je anal\u00fdza a pochopen\u00ed \u017eivota i podnik\u00e1n\u00ed\/pr\u00e1ce na\u0161eho klienta, tak abychom mu mohli pomoci p\u0159esn\u011b tam, kde pot\u0159ebuje.<\/p>\n<h2>JALIVING<\/h2>\n<p><a href=\"https:\/\/www.jaliving.cz\" target=\"_blank\" rel=\"noopener\"><br \/>\n<img loading=\"lazy\" decoding=\"async\" src=\"http:\/\/stavimeplzensko.cz\/wp-content\/uploads\/2023\/05\/logo-9.png\" sizes=\"auto, (max-width: 592px) 100vw, 592px\" srcset=\"http:\/\/stavimeplzensko.cz\/wp-content\/uploads\/2023\/05\/logo-9.png 592w, http:\/\/stavimeplzensko.cz\/wp-content\/uploads\/2023\/05\/logo-9-300x243.png 300w\" alt=\"\" width=\"592\" height=\"480\" \/> <\/a><\/p>\n<p>Reality jsou na\u0161\u00ed V\u00e1\u0161n\u00ed od roku 2018. Ka\u017ed\u00fd den se sna\u017e\u00edme pomoci sv\u00fdmi zku\u0161enostmi klient\u016fm \u0161et\u0159it \u010das, pen\u00edze a chr\u00e1nit jejich celo\u017eivotn\u00ed majetek. Na\u0161\u00edm c\u00edlem je hlavn\u011b pom\u00e1hat klient\u016fm se zprost\u0159edkov\u00e1n\u00edm cel\u00e9ho procesu prodeje, pron\u00e1jmu nebo investice do nemovitosti. V\u017edy d\u011bl\u00e1me v\u0161e pro to, aby strana, kterou zastupujeme byla nad m\u00edru spokojena a chr\u00e1n\u011bna p\u0159ed rizikem. K tomu vyu\u017e\u00edv\u00e1me nejmodern\u011bj\u0161\u00ed marketingov\u00e9 n\u00e1stroje a spolupracujeme s t\u011bmi nejlep\u0161\u00edmi na trhu.<\/p>\n<h2>TRC COMPANY<\/h2>\n<p><a href=\"https:\/\/trc-company.cz\" target=\"_blank\" rel=\"noopener\"><br \/>\n<img loading=\"lazy\" decoding=\"async\" src=\"http:\/\/stavimeplzensko.cz\/wp-content\/uploads\/2023\/05\/TRC_upravene-logo-2-e1683892398542.png\" alt=\"\" width=\"212\" height=\"81\" \/> <\/a><\/p>\n<p>Firma vznikla jako stavebn\u00ed a developersk\u00e1 spole\u010dnost dvou spole\u010dn\u00edk\u016f J. Ko\u0159\u00ednka a R. Trnky v roce 2021, jako vy\u00fast\u011bn\u00ed jejich dlouhodob\u00e9 spolupr\u00e1ce ve stavebn\u00edm oboru. Na v\u0161ech projektech spolupracujeme s ov\u011b\u0159en\u00fdmi a prov\u011b\u0159en\u00fdmi subdodavateli, co\u017e n\u00e1m umo\u017e\u0148uje flexibiln\u011b a hlavn\u011b rychle reagovat na po\u017eadavky na\u0161ich klient\u016f. Jsme schopni kompletn\u011b realizovat projekt od A do Z.<\/p>\n<h2>Stav\u00edme Plze\u0148sko &#8211; na\u0161e projekty<\/h2>\n<p><a href=\"http:\/\/stavimeplzensko.cz\/domy-skomelno\/\"><img loading=\"lazy\" decoding=\"async\" src=\"http:\/\/stavimeplzensko.cz\/wp-content\/uploads\/2023\/04\/nGAU9S-1.jpeg\" sizes=\"auto, (max-width: 1890px) 100vw, 1890px\" srcset=\"http:\/\/stavimeplzensko.cz\/wp-content\/uploads\/2023\/04\/nGAU9S-1.jpeg 1890w, http:\/\/stavimeplzensko.cz\/wp-content\/uploads\/2023\/04\/nGAU9S-1-300x171.jpeg 300w, http:\/\/stavimeplzensko.cz\/wp-content\/uploads\/2023\/04\/nGAU9S-1-1024x585.jpeg 1024w, http:\/\/stavimeplzensko.cz\/wp-content\/uploads\/2023\/04\/nGAU9S-1-768x439.jpeg 768w, http:\/\/stavimeplzensko.cz\/wp-content\/uploads\/2023\/04\/nGAU9S-1-1536x878.jpeg 1536w\" alt=\"\" width=\"1890\" height=\"1080\" \/><\/a><\/p>\n<h5><a href=\"http:\/\/stavimeplzensko.cz\/domy-skomelno\/\">Domy &#8211; Skomelno<\/a><\/h5>\n<p><a href=\"http:\/\/stavimeplzensko.cz\/domy-skomelno\/\">V\u00edce o projektu:<\/a><br \/>\n<a href=\"http:\/\/stavimeplzensko.cz\/bytovy-dum-klatovska-268\/\"><img loading=\"lazy\" decoding=\"async\" src=\"http:\/\/stavimeplzensko.cz\/wp-content\/uploads\/2023\/03\/Snimek-obrazovky-2023-03-24-v-13.11.50.png\" sizes=\"auto, (max-width: 1070px) 100vw, 1070px\" srcset=\"http:\/\/stavimeplzensko.cz\/wp-content\/uploads\/2023\/03\/Snimek-obrazovky-2023-03-24-v-13.11.50.png 1070w, http:\/\/stavimeplzensko.cz\/wp-content\/uploads\/2023\/03\/Snimek-obrazovky-2023-03-24-v-13.11.50-300x168.png 300w, http:\/\/stavimeplzensko.cz\/wp-content\/uploads\/2023\/03\/Snimek-obrazovky-2023-03-24-v-13.11.50-1024x572.png 1024w, http:\/\/stavimeplzensko.cz\/wp-content\/uploads\/2023\/03\/Snimek-obrazovky-2023-03-24-v-13.11.50-768x429.png 768w\" alt=\"\" width=\"1070\" height=\"598\" \/><\/a><\/p>\n<h5><a href=\"http:\/\/stavimeplzensko.cz\/bytovy-dum-klatovska-268\/\">Bytov\u00fd d\u016fm Klatovsk\u00e1 268<\/a><\/h5>\n<p><a href=\"http:\/\/stavimeplzensko.cz\/bytovy-dum-klatovska-268\/\">V\u00edce o projektu:<\/a><br \/>\nStav\u00edme Plze\u0148sko<\/p>\n<h3>O spole\u010dnosti Stav\u00edme Plze\u0148sko<\/h3>\n<h2>Jsme spole\u010denstv\u00ed investor\u016f, kte\u0159\u00ed tvo\u0159\u00ed nov\u00e9 bydlen\u00ed pro lidi v p\u0159edev\u0161\u00edm lokalit\u011b Plze\u0148sk\u00fd kraj. M\u00e1me v\u00edce ne\u017e 5 let zku\u0161enost\u00ed s modernizac\u00ed a rekonstrukc\u00ed, n\u00e1stavbami na na bytov\u00fdch domech i realizac\u00ed samostatn\u00fdch rodinn\u00fdch dom\u016f. Na\u0161e stavby p\u0159ipravujeme s zku\u0161enou projek\u010dn\u00ed kancel\u00e1\u0159\u00ed v modern\u00edm stylu a spolupracujeme s ov\u011b\u0159en\u00fdmi subdodavateli. D\u00edky tomu, m\u016f\u017eeme na\u0161im klient\u016fm nab\u00eddnout variabilitu a slu\u017eby nav\u00edc (nap\u0159. n\u00e1bytek nam\u00edru a dal\u0161\u00ed za\u0159\u00edzen\u00ed nemovitosti za v\u00fdhodn\u00e9 ceny)<\/h2>\n<figure><img decoding=\"async\" src=\"http:\/\/stavimeplzensko.cz\/wp-content\/uploads\/2023\/03\/pokoj-2-scaled.jpg\" alt=\"pokoj-2\" \/><\/figure>\n<figure><img decoding=\"async\" src=\"http:\/\/stavimeplzensko.cz\/wp-content\/uploads\/2023\/03\/pokoj-3-scaled.jpg\" alt=\"pokoj-3\" \/><\/figure>\n<figure><img decoding=\"async\" src=\"http:\/\/stavimeplzensko.cz\/wp-content\/uploads\/2023\/03\/pokoj-7-scaled.jpg\" alt=\"pokoj-7\" \/><\/figure>\n<figure><img decoding=\"async\" src=\"http:\/\/stavimeplzensko.cz\/wp-content\/uploads\/2023\/03\/pokoj-11-scaled.jpg\" alt=\"pokoj-11\" \/><\/figure>\n<div style=\"width: 640px;\" class=\"wp-video\"><video class=\"wp-video-shortcode\" id=\"video-1023-1\" width=\"640\" height=\"360\" preload=\"metadata\" controls=\"controls\"><source type=\"video\/mp4\" src=\"http:\/\/stavimeplzensko.cz\/wp-content\/uploads\/2023\/07\/Skomelno3.1.mp4?_=1\" \/><a href=\"http:\/\/stavimeplzensko.cz\/wp-content\/uploads\/2023\/07\/Skomelno3.1.mp4\">http:\/\/stavimeplzensko.cz\/wp-content\/uploads\/2023\/07\/Skomelno3.1.mp4<\/a><\/video><\/div>\n","protected":false},"excerpt":{"rendered":"<p>STAV\u00cdME PLZE\u0147SKO &#8211; STAVITEL\u00c9 A DEVELOPE\u0158I Stav\u00edme Plze\u0148sko. Stav\u00edme pro V\u00e1s. Stav\u00edme pro lidi. V\u00edce o n\u00e1s: Stav\u00edme Plze\u0148sko &#8211; Sta\u0148te se na\u0161imi partnery Stav\u00edme Plze\u0148sko domy a byty t\u011bch nejvy\u0161\u0161\u00edch kvalit. Development Jsme spole\u010denstv\u00ed investor\u016f, kte\u0159\u00ed tvo\u0159\u00ed nov\u00e9 bydlen\u00ed pro lidi v p\u0159edev\u0161\u00edm lokalit\u011b Plze\u0148sk\u00fd kraj. M\u00e1me v\u00edce ne\u017e 6 let zku\u0161enost\u00ed v oboru. [&hellip;]<\/p>\n","protected":false},"author":1,"featured_media":0,"parent":0,"menu_order":0,"comment_status":"closed","ping_status":"closed","template":"","meta":{"footnotes":""},"class_list":["post-1023","page","type-page","status-publish","hentry"],"yoast_head":"<!-- This site is optimized with the Yoast SEO plugin v27.0 - https:\/\/yoast.com\/product\/yoast-seo-wordpress\/ -->\n<title>Stav\u00edme Plze\u0148sko, rodinn\u00e9 domy Plze\u0148 a okol\u00ed.<\/title>\n<meta name=\"description\" content=\"Jsme spole\u010denstv\u00ed investor\u016f, kte\u0159\u00ed tvo\u0159\u00ed nov\u00e9 bydlen\u00ed pro lidi v p\u0159edev\u0161\u00edm lokalit\u011b Plze\u0148sk\u00fd kraj. M\u00e1me v\u00edce ne\u017e 15 let zku\u0161enost\u00ed v oboru.\" \/>\n<meta name=\"robots\" content=\"index, follow, max-snippet:-1, max-image-preview:large, max-video-preview:-1\" \/>\n<link rel=\"canonical\" href=\"https:\/\/stavimeplzensko.cz\/\" \/>\n<meta property=\"og:locale\" content=\"cs_CZ\" \/>\n<meta property=\"og:type\" content=\"article\" \/>\n<meta property=\"og:title\" content=\"Stav\u00edme Plze\u0148sko, rodinn\u00e9 domy Plze\u0148 a okol\u00ed.\" \/>\n<meta property=\"og:description\" content=\"Jsme spole\u010denstv\u00ed investor\u016f, kte\u0159\u00ed tvo\u0159\u00ed nov\u00e9 bydlen\u00ed pro lidi v p\u0159edev\u0161\u00edm lokalit\u011b Plze\u0148sk\u00fd kraj. M\u00e1me v\u00edce ne\u017e 15 let zku\u0161enost\u00ed v oboru.\" \/>\n<meta property=\"og:url\" content=\"https:\/\/stavimeplzensko.cz\/\" \/>\n<meta property=\"og:site_name\" content=\"stavimeplzensko.cz\" \/>\n<meta property=\"article:modified_time\" content=\"2024-06-03T15:21:21+00:00\" \/>\n<meta property=\"og:image\" content=\"http:\/\/stavimeplzensko.cz\/wp-content\/uploads\/2023\/05\/309575242_1145898763031211_8814591991772146372_n-1-150x150-1.png\" \/>\n<meta name=\"twitter:card\" content=\"summary_large_image\" \/>\n<meta name=\"twitter:label1\" content=\"Odhadovan\u00e1 doba \u010dten\u00ed\" \/>\n\t<meta name=\"twitter:data1\" content=\"4 minuty\" \/>\n<script type=\"application\/ld+json\" class=\"yoast-schema-graph\">{\"@context\":\"https:\/\/schema.org\",\"@graph\":[{\"@type\":\"WebPage\",\"@id\":\"https:\/\/stavimeplzensko.cz\/\",\"url\":\"https:\/\/stavimeplzensko.cz\/\",\"name\":\"Stav\u00edme Plze\u0148sko, rodinn\u00e9 domy Plze\u0148 a okol\u00ed.\",\"isPartOf\":{\"@id\":\"https:\/\/stavimeplzensko.cz\/#website\"},\"primaryImageOfPage\":{\"@id\":\"https:\/\/stavimeplzensko.cz\/#primaryimage\"},\"image\":{\"@id\":\"https:\/\/stavimeplzensko.cz\/#primaryimage\"},\"thumbnailUrl\":\"http:\/\/stavimeplzensko.cz\/wp-content\/uploads\/2023\/05\/309575242_1145898763031211_8814591991772146372_n-1-150x150-1.png\",\"datePublished\":\"2020-09-22T03:28:53+00:00\",\"dateModified\":\"2024-06-03T15:21:21+00:00\",\"description\":\"Jsme spole\u010denstv\u00ed investor\u016f, kte\u0159\u00ed tvo\u0159\u00ed nov\u00e9 bydlen\u00ed pro lidi v p\u0159edev\u0161\u00edm lokalit\u011b Plze\u0148sk\u00fd kraj. M\u00e1me v\u00edce ne\u017e 15 let zku\u0161enost\u00ed v oboru.\",\"breadcrumb\":{\"@id\":\"https:\/\/stavimeplzensko.cz\/#breadcrumb\"},\"inLanguage\":\"cs\",\"potentialAction\":[{\"@type\":\"ReadAction\",\"target\":[\"https:\/\/stavimeplzensko.cz\/\"]}]},{\"@type\":\"ImageObject\",\"inLanguage\":\"cs\",\"@id\":\"https:\/\/stavimeplzensko.cz\/#primaryimage\",\"url\":\"http:\/\/stavimeplzensko.cz\/wp-content\/uploads\/2023\/05\/309575242_1145898763031211_8814591991772146372_n-1-150x150-1.png\",\"contentUrl\":\"http:\/\/stavimeplzensko.cz\/wp-content\/uploads\/2023\/05\/309575242_1145898763031211_8814591991772146372_n-1-150x150-1.png\"},{\"@type\":\"BreadcrumbList\",\"@id\":\"https:\/\/stavimeplzensko.cz\/#breadcrumb\",\"itemListElement\":[{\"@type\":\"ListItem\",\"position\":1,\"name\":\"Dom\u016f\",\"item\":\"https:\/\/stavimeplzensko.cz\/\"},{\"@type\":\"ListItem\",\"position\":2,\"name\":\"Hlavn\u00ed str\u00e1nka\"}]},{\"@type\":\"WebSite\",\"@id\":\"https:\/\/stavimeplzensko.cz\/#website\",\"url\":\"https:\/\/stavimeplzensko.cz\/\",\"name\":\"stavimeplzensko.cz\",\"description\":\"Development | stavebnictv\u00ed | rekonstrukce\",\"alternateName\":\"Stav\u00edme Plze\u0148sko\",\"potentialAction\":[{\"@type\":\"SearchAction\",\"target\":{\"@type\":\"EntryPoint\",\"urlTemplate\":\"https:\/\/stavimeplzensko.cz\/?s={search_term_string}\"},\"query-input\":{\"@type\":\"PropertyValueSpecification\",\"valueRequired\":true,\"valueName\":\"search_term_string\"}}],\"inLanguage\":\"cs\"}]}<\/script>\n<!-- \/ Yoast SEO plugin. -->","yoast_head_json":{"title":"Stav\u00edme Plze\u0148sko, rodinn\u00e9 domy Plze\u0148 a okol\u00ed.","description":"Jsme spole\u010denstv\u00ed investor\u016f, kte\u0159\u00ed tvo\u0159\u00ed nov\u00e9 bydlen\u00ed pro lidi v p\u0159edev\u0161\u00edm lokalit\u011b Plze\u0148sk\u00fd kraj. M\u00e1me v\u00edce ne\u017e 15 let zku\u0161enost\u00ed v oboru.","robots":{"index":"index","follow":"follow","max-snippet":"max-snippet:-1","max-image-preview":"max-image-preview:large","max-video-preview":"max-video-preview:-1"},"canonical":"https:\/\/stavimeplzensko.cz\/","og_locale":"cs_CZ","og_type":"article","og_title":"Stav\u00edme Plze\u0148sko, rodinn\u00e9 domy Plze\u0148 a okol\u00ed.","og_description":"Jsme spole\u010denstv\u00ed investor\u016f, kte\u0159\u00ed tvo\u0159\u00ed nov\u00e9 bydlen\u00ed pro lidi v p\u0159edev\u0161\u00edm lokalit\u011b Plze\u0148sk\u00fd kraj. M\u00e1me v\u00edce ne\u017e 15 let zku\u0161enost\u00ed v oboru.","og_url":"https:\/\/stavimeplzensko.cz\/","og_site_name":"stavimeplzensko.cz","article_modified_time":"2024-06-03T15:21:21+00:00","og_image":[{"url":"http:\/\/stavimeplzensko.cz\/wp-content\/uploads\/2023\/05\/309575242_1145898763031211_8814591991772146372_n-1-150x150-1.png","type":"","width":"","height":""}],"twitter_card":"summary_large_image","twitter_misc":{"Odhadovan\u00e1 doba \u010dten\u00ed":"4 minuty"},"schema":{"@context":"https:\/\/schema.org","@graph":[{"@type":"WebPage","@id":"https:\/\/stavimeplzensko.cz\/","url":"https:\/\/stavimeplzensko.cz\/","name":"Stav\u00edme Plze\u0148sko, rodinn\u00e9 domy Plze\u0148 a okol\u00ed.","isPartOf":{"@id":"https:\/\/stavimeplzensko.cz\/#website"},"primaryImageOfPage":{"@id":"https:\/\/stavimeplzensko.cz\/#primaryimage"},"image":{"@id":"https:\/\/stavimeplzensko.cz\/#primaryimage"},"thumbnailUrl":"http:\/\/stavimeplzensko.cz\/wp-content\/uploads\/2023\/05\/309575242_1145898763031211_8814591991772146372_n-1-150x150-1.png","datePublished":"2020-09-22T03:28:53+00:00","dateModified":"2024-06-03T15:21:21+00:00","description":"Jsme spole\u010denstv\u00ed investor\u016f, kte\u0159\u00ed tvo\u0159\u00ed nov\u00e9 bydlen\u00ed pro lidi v p\u0159edev\u0161\u00edm lokalit\u011b Plze\u0148sk\u00fd kraj. M\u00e1me v\u00edce ne\u017e 15 let zku\u0161enost\u00ed v oboru.","breadcrumb":{"@id":"https:\/\/stavimeplzensko.cz\/#breadcrumb"},"inLanguage":"cs","potentialAction":[{"@type":"ReadAction","target":["https:\/\/stavimeplzensko.cz\/"]}]},{"@type":"ImageObject","inLanguage":"cs","@id":"https:\/\/stavimeplzensko.cz\/#primaryimage","url":"http:\/\/stavimeplzensko.cz\/wp-content\/uploads\/2023\/05\/309575242_1145898763031211_8814591991772146372_n-1-150x150-1.png","contentUrl":"http:\/\/stavimeplzensko.cz\/wp-content\/uploads\/2023\/05\/309575242_1145898763031211_8814591991772146372_n-1-150x150-1.png"},{"@type":"BreadcrumbList","@id":"https:\/\/stavimeplzensko.cz\/#breadcrumb","itemListElement":[{"@type":"ListItem","position":1,"name":"Dom\u016f","item":"https:\/\/stavimeplzensko.cz\/"},{"@type":"ListItem","position":2,"name":"Hlavn\u00ed str\u00e1nka"}]},{"@type":"WebSite","@id":"https:\/\/stavimeplzensko.cz\/#website","url":"https:\/\/stavimeplzensko.cz\/","name":"stavimeplzensko.cz","description":"Development | stavebnictv\u00ed | rekonstrukce","alternateName":"Stav\u00edme Plze\u0148sko","potentialAction":[{"@type":"SearchAction","target":{"@type":"EntryPoint","urlTemplate":"https:\/\/stavimeplzensko.cz\/?s={search_term_string}"},"query-input":{"@type":"PropertyValueSpecification","valueRequired":true,"valueName":"search_term_string"}}],"inLanguage":"cs"}]}},"_links":{"self":[{"href":"https:\/\/stavimeplzensko.cz\/index.php?rest_route=\/wp\/v2\/pages\/1023","targetHints":{"allow":["GET"]}}],"collection":[{"href":"https:\/\/stavimeplzensko.cz\/index.php?rest_route=\/wp\/v2\/pages"}],"about":[{"href":"https:\/\/stavimeplzensko.cz\/index.php?rest_route=\/wp\/v2\/types\/page"}],"author":[{"embeddable":true,"href":"https:\/\/stavimeplzensko.cz\/index.php?rest_route=\/wp\/v2\/users\/1"}],"replies":[{"embeddable":true,"href":"https:\/\/stavimeplzensko.cz\/index.php?rest_route=%2Fwp%2Fv2%2Fcomments&post=1023"}],"version-history":[{"count":373,"href":"https:\/\/stavimeplzensko.cz\/index.php?rest_route=\/wp\/v2\/pages\/1023\/revisions"}],"predecessor-version":[{"id":3825,"href":"https:\/\/stavimeplzensko.cz\/index.php?rest_route=\/wp\/v2\/pages\/1023\/revisions\/3825"}],"wp:attachment":[{"href":"https:\/\/stavimeplzensko.cz\/index.php?rest_route=%2Fwp%2Fv2%2Fmedia&parent=1023"}],"curies":[{"name":"wp","href":"https:\/\/api.w.org\/{rel}","templated":true}]}}