{"id":2821,"date":"2022-03-23T19:49:43","date_gmt":"2022-03-23T19:49:43","guid":{"rendered":"http:\/\/stavimeplzensko.cz\/our-core-values-copy\/"},"modified":"2024-05-19T22:56:43","modified_gmt":"2024-05-19T22:56:43","slug":"rd-dnesice","status":"publish","type":"page","link":"https:\/\/stavimeplzensko.cz\/?page_id=2821","title":{"rendered":"RD &#8211; Dne\u0161ice"},"content":{"rendered":"<h1>RD Dne\u0161icE<\/h1>\n<p>\t\t\t<a href=\"#vice\" role=\"button\"><br \/>\n\t\t\t\t\t\tZobrazit v\u00edce:<br \/>\n\t\t\t\t\t<\/a><\/p>\n<h2>ROdinn\u00e9 domy &#8211; DNe\u0161ice<\/h2>\n<p>Aktu\u00e1ln\u011b pro V\u00e1s p\u0159ipravujeme pr\u00e9miov\u00e9 bydlen\u00ed v dojezdov\u00e9 vzd\u00e1lenosti do Plzn\u011b v obci Dne\u0161ice. Vyroste zde celkem 8 rodinn\u00fdch dom\u016f s vlastn\u00ed zahradou a parkovac\u00edm st\u00e1n\u00edm. Domy jsou \u0159e\u0161eny v dispozici 5KK s podlahovou plochou 126 m2.<\/p>\n<h5>Rodinn\u00e9 bydlen\u00ed<\/h5>\n<h5>Parkovac\u00ed st\u00e1n\u00ed<\/h5>\n<h5>Vlastn\u00ed zahrada<\/h5>\n<h5>Klidn\u00e1 lokalita<\/h5>\n<p>Domy stav\u00edme v klidn\u00e9 lokalit\u011b Dne\u0161ic, kter\u00e1 kombinuje p\u0159\u00edjemnou atmosf\u00e9ru&nbsp; &nbsp; &nbsp;a dostupnost m\u011bsta. Okoln\u00ed p\u0159\u00edroda a zelen\u00e9 plochy v\u00e1m poskytnou mo\u017enost relaxace a odpo\u010dinku. V bl\u00edzkosti najdete tak\u00e9 ve\u0161kerou ob\u010danskou vybavenost&nbsp; a slu\u017eby, kter\u00e9 pot\u0159ebujete. Sou\u010d\u00e1st\u00ed projektu je doveden\u00ed nov\u00fdch in\u017een\u00fdrsk\u00fdch s\u00edt\u00ed a \u00fa\u010delov\u00e9 komunikace. Po do\u0159e\u0161en\u00ed p\u0159ivad\u011b\u010de I\/27 \u0160lovice\u2013P\u0159e\u0161tice na P\u0159e\u0161tice se do Plzn\u011b dostane za 10 minut a do P\u0159e\u0161tic za 4 minuty.<\/p>\n<p>Rodinn\u00e9 domy budou disponovat dv\u011bma nadzemn\u00edmi podla\u017e\u00edmi, kter\u00e1 nab\u00edzej\u00ed dostatek prostoru pro v\u00e1\u0161 pohodln\u00fd \u017eivot. Celkov\u00e1 u\u017eitn\u00e1 plocha domu \u010din\u00ed 126 metr\u016f \u010dtvere\u010dn\u00edch.&nbsp;V r\u00e1mci projektu jsme vytvo\u0159ili koncept maxim\u00e1ln\u00ed individualizace, kter\u00fd na\u0161im klient\u016fm umo\u017e\u0148uje vybudovat sv\u016fj domov osobit\u00fd&nbsp; a v\u00fdjime\u010dn\u00fd.<\/p>\n<h2>P\u0159ehled dom\u016f<\/h2>\n<p>\t\t\t\t\t\t\t\t\tRD \u010d. 01<br \/>\n\t\t\t\t\t\t\t\t\tRD \u010d. 02<br \/>\n\t\t\t\t\t\t\t\t\tRD \u010d. 03<br \/>\n\t\t\t\t\t\t\t\t\tRD \u010d. 04<br \/>\n\t\t\t\t\t\t\t\t\tRD \u010d. 05<br \/>\n\t\t\t\t\t\t\t\t\tRD \u010d. 06<br \/>\n\t\t\t\t\t\t\t\t\tRD \u010d. 07<br \/>\n\t\t\t\t\t\t\t\t\tRD \u010d. 08<br \/>\n\t\t\t\t\t\t\t\t\tRD \u010d. 01<\/p>\n<p>Rodinn\u00fd d\u016fm 4+kk zahrnuje ob\u00fdvac\u00ed pokoj, modern\u00ed kuchy\u0148, pracovnu, technickou m\u00edstnost, \u0161atnu, 2 koupelny a tak\u00e9 \u00fatuln\u00e9 lo\u017enice. Ka\u017ed\u00fd detail byl navr\u017een tak, aby vytvo\u0159il \u00fatulnou a funk\u010dn\u00ed atmosf\u00e9ru pro v\u00e1\u0161 rodinn\u00fd \u017eivot. K domu n\u00e1le\u017e\u00ed&nbsp;pozemek o rozloze 248 metr\u016f \u010dtvere\u010dn\u00edch, kter\u00fd v\u00e1m poskytne prostor pro relaxaci a rodinn\u00e9 aktivity.<\/p>\n<p>D\u016fm je vybaven vyt\u00e1p\u011bn\u00edm s tepeln\u00fdm \u010derpadlem vzduch\/voda, co\u017e zaru\u010duje efektivn\u00ed vyu\u017eit\u00ed energie a sni\u017euje n\u00e1klady na provoz. Krom\u011b toho dod\u00e1v\u00e1 atmosf\u00e9ru do domu tak\u00e9 krb, kter\u00fd p\u0159isp\u00edv\u00e1 k p\u0159\u00edjemn\u00e9mu a tepl\u00e9mu prost\u0159ed\u00ed.<\/p>\n<p>Cena tohoto rodinn\u00e9ho domu je na dotaz. Podrobn\u00e9 informace o podm\u00ednk\u00e1ch koup\u011b, standardech a zahrnut\u00fdch dotac\u00edch budou p\u0159edstaveny b\u011bhem osobn\u00ed sch\u016fzky. Pro zaji\u0161t\u011bn\u00ed pohodln\u00e9ho financov\u00e1n\u00ed nab\u00edz\u00edme dotovanou \u00farokovou sazbu 3,99 % p.a. Pl\u00e1n financov\u00e1n\u00ed lze domluvit individu\u00e1ln\u011b.<\/p>\n<p>\t\t\t\t\t\t\t\t\tRD \u010d. 02<\/p>\n<p>Rodinn\u00fd d\u016fm 4+kk zahrnuje ob\u00fdvac\u00ed pokoj, modern\u00ed kuchy\u0148, pracovnu, technickou m\u00edstnost, \u0161atnu, 2 koupelny a tak\u00e9 \u00fatuln\u00e9 lo\u017enice. Ka\u017ed\u00fd detail byl navr\u017een tak, aby vytvo\u0159il \u00fatulnou a funk\u010dn\u00ed atmosf\u00e9ru pro v\u00e1\u0161 rodinn\u00fd \u017eivot. K domu n\u00e1le\u017e\u00ed\u00a0pozemek o rozloze 210 metr\u016f \u010dtvere\u010dn\u00edch, kter\u00fd v\u00e1m poskytne prostor pro relaxaci a rodinn\u00e9 aktivity.<\/p>\n<p>D\u016fm je vybaven vyt\u00e1p\u011bn\u00edm s tepeln\u00fdm \u010derpadlem vzduch\/voda, co\u017e zaru\u010duje efektivn\u00ed vyu\u017eit\u00ed energie a sni\u017euje n\u00e1klady na provoz. Krom\u011b toho dod\u00e1v\u00e1 atmosf\u00e9ru do domu tak\u00e9 krb, kter\u00fd p\u0159isp\u00edv\u00e1 k p\u0159\u00edjemn\u00e9mu a tepl\u00e9mu prost\u0159ed\u00ed.<\/p>\n<p>Cena tohoto rodinn\u00e9ho domu je na dotaz. Podrobn\u00e9 informace o podm\u00ednk\u00e1ch koup\u011b, standardech a zahrnut\u00fdch dotac\u00edch budou p\u0159edstaveny b\u011bhem osobn\u00ed sch\u016fzky. Pro zaji\u0161t\u011bn\u00ed pohodln\u00e9ho financov\u00e1n\u00ed nab\u00edz\u00edme dotovanou \u00farokovou sazbu 3,99 % p.a. Pl\u00e1n financov\u00e1n\u00ed lze domluvit individu\u00e1ln\u011b.<\/p>\n<p>\t\t\t\t\t\t\t\t\tRD \u010d. 03<\/p>\n<p>Rodinn\u00fd d\u016fm 4+kk zahrnuje ob\u00fdvac\u00ed pokoj, modern\u00ed kuchy\u0148, pracovnu, technickou m\u00edstnost, \u0161atnu, 2 koupelny a tak\u00e9 \u00fatuln\u00e9 lo\u017enice. Ka\u017ed\u00fd detail byl navr\u017een tak, aby vytvo\u0159il \u00fatulnou a funk\u010dn\u00ed atmosf\u00e9ru pro v\u00e1\u0161 rodinn\u00fd \u017eivot. K domu n\u00e1le\u017e\u00ed\u00a0pozemek o rozloze 210 metr\u016f \u010dtvere\u010dn\u00edch, kter\u00fd v\u00e1m poskytne prostor pro relaxaci a rodinn\u00e9 aktivity.<\/p>\n<p>D\u016fm je vybaven vyt\u00e1p\u011bn\u00edm s tepeln\u00fdm \u010derpadlem vzduch\/voda, co\u017e zaru\u010duje efektivn\u00ed vyu\u017eit\u00ed energie a sni\u017euje n\u00e1klady na provoz. Krom\u011b toho dod\u00e1v\u00e1 atmosf\u00e9ru do domu tak\u00e9 krb, kter\u00fd p\u0159isp\u00edv\u00e1 k p\u0159\u00edjemn\u00e9mu a tepl\u00e9mu prost\u0159ed\u00ed.<\/p>\n<p>Cena tohoto rodinn\u00e9ho domu je na dotaz.\u00a0 Podrobn\u00e9 informace o podm\u00ednk\u00e1ch koup\u011b, standardech a zahrnut\u00fdch dotac\u00edch budou p\u0159edstaveny b\u011bhem osobn\u00ed sch\u016fzky. Pro zaji\u0161t\u011bn\u00ed pohodln\u00e9ho financov\u00e1n\u00ed nab\u00edz\u00edme dotovanou \u00farokovou sazbu 3,99 % p.a. Pl\u00e1n financov\u00e1n\u00ed lze domluvit individu\u00e1ln\u011b.<\/p>\n<p>\t\t\t\t\t\t\t\t\tRD \u010d. 04<\/p>\n<p>Rodinn\u00fd d\u016fm 4+kk zahrnuje ob\u00fdvac\u00ed pokoj, modern\u00ed kuchy\u0148, pracovnu, technickou m\u00edstnost, \u0161atnu, 2 koupelny a tak\u00e9 \u00fatuln\u00e9 lo\u017enice. Ka\u017ed\u00fd detail byl navr\u017een tak, aby vytvo\u0159il \u00fatulnou a funk\u010dn\u00ed atmosf\u00e9ru pro v\u00e1\u0161 rodinn\u00fd \u017eivot. K domu n\u00e1le\u017e\u00ed\u00a0pozemek o rozloze 245 metr\u016f \u010dtvere\u010dn\u00edch, kter\u00fd v\u00e1m poskytne prostor pro relaxaci a rodinn\u00e9 aktivity.<\/p>\n<p>D\u016fm je vybaven vyt\u00e1p\u011bn\u00edm s tepeln\u00fdm \u010derpadlem vzduch\/voda, co\u017e zaru\u010duje efektivn\u00ed vyu\u017eit\u00ed energie a sni\u017euje n\u00e1klady na provoz. Krom\u011b toho dod\u00e1v\u00e1 atmosf\u00e9ru do domu tak\u00e9 krb, kter\u00fd p\u0159isp\u00edv\u00e1 k p\u0159\u00edjemn\u00e9mu a tepl\u00e9mu prost\u0159ed\u00ed.<\/p>\n<p>Cena tohoto rodinn\u00e9ho domu je na dotaz. Podrobn\u00e9 informace o podm\u00ednk\u00e1ch koup\u011b, standardech a zahrnut\u00fdch dotac\u00edch budou p\u0159edstaveny b\u011bhem osobn\u00ed sch\u016fzky. Pro zaji\u0161t\u011bn\u00ed pohodln\u00e9ho financov\u00e1n\u00ed nab\u00edz\u00edme dotovanou \u00farokovou sazbu 3,99 % p.a. Pl\u00e1n financov\u00e1n\u00ed lze domluvit individu\u00e1ln\u011b.<\/p>\n<p>\t\t\t\t\t\t\t\t\tRD \u010d. 05<\/p>\n<p>Rodinn\u00fd d\u016fm 4+kk zahrnuje ob\u00fdvac\u00ed pokoj, modern\u00ed kuchy\u0148, pracovnu, technickou m\u00edstnost, \u0161atnu, 2 koupelny a tak\u00e9 \u00fatuln\u00e9 lo\u017enice. Ka\u017ed\u00fd detail byl navr\u017een tak, aby vytvo\u0159il \u00fatulnou a funk\u010dn\u00ed atmosf\u00e9ru pro v\u00e1\u0161 rodinn\u00fd \u017eivot. K domu n\u00e1le\u017e\u00ed\u00a0pozemek o rozloze 244 metr\u016f \u010dtvere\u010dn\u00edch, kter\u00fd v\u00e1m poskytne prostor pro relaxaci a rodinn\u00e9 aktivity.<\/p>\n<p>D\u016fm je vybaven vyt\u00e1p\u011bn\u00edm s tepeln\u00fdm \u010derpadlem vzduch\/voda, co\u017e zaru\u010duje efektivn\u00ed vyu\u017eit\u00ed energie a sni\u017euje n\u00e1klady na provoz. Krom\u011b toho dod\u00e1v\u00e1 atmosf\u00e9ru do domu tak\u00e9 krb, kter\u00fd p\u0159isp\u00edv\u00e1 k p\u0159\u00edjemn\u00e9mu a tepl\u00e9mu prost\u0159ed\u00ed.<\/p>\n<p>Cena tohoto rodinn\u00e9ho domu je na dotaz. Podrobn\u00e9 informace o podm\u00ednk\u00e1ch koup\u011b, standardech a zahrnut\u00fdch dotac\u00edch budou p\u0159edstaveny b\u011bhem osobn\u00ed sch\u016fzky. Pro zaji\u0161t\u011bn\u00ed pohodln\u00e9ho financov\u00e1n\u00ed nab\u00edz\u00edme dotovanou \u00farokovou sazbu 3,99 % p.a. Pl\u00e1n financov\u00e1n\u00ed lze domluvit individu\u00e1ln\u011b.<\/p>\n<p>\t\t\t\t\t\t\t\t\tRD \u010d. 06<\/p>\n<p>Rodinn\u00fd d\u016fm 4+kk zahrnuje ob\u00fdvac\u00ed pokoj, modern\u00ed kuchy\u0148, pracovnu, technickou m\u00edstnost, \u0161atnu, 2 koupelny a tak\u00e9 \u00fatuln\u00e9 lo\u017enice. Ka\u017ed\u00fd detail byl navr\u017een tak, aby vytvo\u0159il \u00fatulnou a funk\u010dn\u00ed atmosf\u00e9ru pro v\u00e1\u0161 rodinn\u00fd \u017eivot. K domu n\u00e1le\u017e\u00ed\u00a0pozemek o rozloze 236 metr\u016f \u010dtvere\u010dn\u00edch, kter\u00fd v\u00e1m poskytne prostor pro relaxaci a rodinn\u00e9 aktivity.<\/p>\n<p>D\u016fm je vybaven vyt\u00e1p\u011bn\u00edm s tepeln\u00fdm \u010derpadlem vzduch\/voda, co\u017e zaru\u010duje efektivn\u00ed vyu\u017eit\u00ed energie a sni\u017euje n\u00e1klady na provoz. Krom\u011b toho dod\u00e1v\u00e1 atmosf\u00e9ru do domu tak\u00e9 krb, kter\u00fd p\u0159isp\u00edv\u00e1 k p\u0159\u00edjemn\u00e9mu a tepl\u00e9mu prost\u0159ed\u00ed.<\/p>\n<p>Cena tohoto rodinn\u00e9ho domu je na dotaz. Podrobn\u00e9 informace o podm\u00ednk\u00e1ch koup\u011b, standardech a zahrnut\u00fdch dotac\u00edch budou p\u0159edstaveny b\u011bhem osobn\u00ed sch\u016fzky. Pro zaji\u0161t\u011bn\u00ed pohodln\u00e9ho financov\u00e1n\u00ed nab\u00edz\u00edme dotovanou \u00farokovou sazbu 3,99 % p.a. Pl\u00e1n financov\u00e1n\u00ed lze domluvit individu\u00e1ln\u011b.<\/p>\n<p>\t\t\t\t\t\t\t\t\tRD \u010d. 07<\/p>\n<p>Rodinn\u00fd d\u016fm 4+kk zahrnuje ob\u00fdvac\u00ed pokoj, modern\u00ed kuchy\u0148, pracovnu, technickou m\u00edstnost, \u0161atnu, 2 koupelny a tak\u00e9 \u00fatuln\u00e9 lo\u017enice. Ka\u017ed\u00fd detail byl navr\u017een tak, aby vytvo\u0159il \u00fatulnou a funk\u010dn\u00ed atmosf\u00e9ru pro v\u00e1\u0161 rodinn\u00fd \u017eivot. K domu n\u00e1le\u017e\u00ed\u00a0pozemek o rozloze 262 metr\u016f \u010dtvere\u010dn\u00edch, kter\u00fd v\u00e1m poskytne prostor pro relaxaci a rodinn\u00e9 aktivity.<\/p>\n<p>D\u016fm je vybaven vyt\u00e1p\u011bn\u00edm s tepeln\u00fdm \u010derpadlem vzduch\/voda, co\u017e zaru\u010duje efektivn\u00ed vyu\u017eit\u00ed energie a sni\u017euje n\u00e1klady na provoz. Krom\u011b toho dod\u00e1v\u00e1 atmosf\u00e9ru do domu tak\u00e9 krb, kter\u00fd p\u0159isp\u00edv\u00e1 k p\u0159\u00edjemn\u00e9mu a tepl\u00e9mu prost\u0159ed\u00ed.<\/p>\n<p>Cena tohoto rodinn\u00e9ho domu je na dotaz.\u00a0 Podrobn\u00e9 informace o podm\u00ednk\u00e1ch koup\u011b, standardech a zahrnut\u00fdch dotac\u00edch budou p\u0159edstaveny b\u011bhem osobn\u00ed sch\u016fzky. Pro zaji\u0161t\u011bn\u00ed pohodln\u00e9ho financov\u00e1n\u00ed nab\u00edz\u00edme dotovanou \u00farokovou sazbu 3,99 % p.a. Pl\u00e1n financov\u00e1n\u00ed lze domluvit individu\u00e1ln\u011b.7<\/p>\n<p>\t\t\t\t\t\t\t\t\tRD \u010d. 08<\/p>\n<p>Rodinn\u00fd d\u016fm 4+kk zahrnuje ob\u00fdvac\u00ed pokoj, modern\u00ed kuchy\u0148, pracovnu, technickou m\u00edstnost, \u0161atnu, 2 koupelny a tak\u00e9 \u00fatuln\u00e9 lo\u017enice. Ka\u017ed\u00fd detail byl navr\u017een tak, aby vytvo\u0159il \u00fatulnou a funk\u010dn\u00ed atmosf\u00e9ru pro v\u00e1\u0161 rodinn\u00fd \u017eivot. K domu n\u00e1le\u017e\u00ed\u00a0pozemek o rozloze 266 metr\u016f \u010dtvere\u010dn\u00edch, kter\u00fd v\u00e1m poskytne prostor pro relaxaci a rodinn\u00e9 aktivity.<\/p>\n<p>D\u016fm je vybaven vyt\u00e1p\u011bn\u00edm s tepeln\u00fdm \u010derpadlem vzduch\/voda, co\u017e zaru\u010duje efektivn\u00ed vyu\u017eit\u00ed energie a sni\u017euje n\u00e1klady na provoz. Krom\u011b toho dod\u00e1v\u00e1 atmosf\u00e9ru do domu tak\u00e9 krb, kter\u00fd p\u0159isp\u00edv\u00e1 k p\u0159\u00edjemn\u00e9mu a tepl\u00e9mu prost\u0159ed\u00ed.<\/p>\n<p>Cena tohoto rodinn\u00e9ho domu je na dotaz. Podrobn\u00e9 informace o podm\u00ednk\u00e1ch koup\u011b, standardech a zahrnut\u00fdch dotac\u00edch budou p\u0159edstaveny b\u011bhem osobn\u00ed sch\u016fzky. Pro zaji\u0161t\u011bn\u00ed pohodln\u00e9ho financov\u00e1n\u00ed nab\u00edz\u00edme dotovanou \u00farokovou sazbu 3,99 % p.a. Pl\u00e1n financov\u00e1n\u00ed lze domluvit individu\u00e1ln\u011b.<\/p>\n<p>\t\t[drawattention]<br \/>\n\t\t\t\t\t\t\t\t\t\t\t\t\t\t\t\t<a href=\"http:\/\/stavimeplzensko.cz\/wp-content\/uploads\/2023\/03\/pudorys_dnesice_prizemi-1-e1679990980501.png\" data-elementor-open-lightbox=\"yes\" data-elementor-lightbox-title=\"pudorys_dnesice_prizemi\" e-action-hash=\"#elementor-action%3Aaction%3Dlightbox%26settings%3DeyJpZCI6MzI0MiwidXJsIjoiaHR0cHM6XC9cL3N0YXZpbWVwbHplbnNrby5jelwvd3AtY29udGVudFwvdXBsb2Fkc1wvMjAyM1wvMDNcL3B1ZG9yeXNfZG5lc2ljZV9wcml6ZW1pLTEtZTE2Nzk5OTA5ODA1MDEucG5nIn0%3D\"><br \/>\n\t\t\t\t\t\t\t<img decoding=\"async\" width=\"2691\" height=\"2112\" src=\"https:\/\/stavimeplzensko.cz\/wp-content\/uploads\/2023\/03\/pudorys_dnesice_prizemi-1-e1679990980501.png\" alt=\"\" loading=\"lazy\" srcset=\"https:\/\/stavimeplzensko.cz\/wp-content\/uploads\/2023\/03\/pudorys_dnesice_prizemi-1-e1679990980501.png 2691w, https:\/\/stavimeplzensko.cz\/wp-content\/uploads\/2023\/03\/pudorys_dnesice_prizemi-1-e1679990980501-300x235.png 300w, https:\/\/stavimeplzensko.cz\/wp-content\/uploads\/2023\/03\/pudorys_dnesice_prizemi-1-e1679990980501-1024x804.png 1024w, https:\/\/stavimeplzensko.cz\/wp-content\/uploads\/2023\/03\/pudorys_dnesice_prizemi-1-e1679990980501-768x603.png 768w, https:\/\/stavimeplzensko.cz\/wp-content\/uploads\/2023\/03\/pudorys_dnesice_prizemi-1-e1679990980501-1536x1206.png 1536w, https:\/\/stavimeplzensko.cz\/wp-content\/uploads\/2023\/03\/pudorys_dnesice_prizemi-1-e1679990980501-2048x1607.png 2048w\" sizes=\"auto, (max-width: 2691px) 100vw, 2691px\" \/>\t\t\t\t\t\t\t\t<\/a><br \/>\n\t\t\t\t\t\t\t\t\t\t\t\t\t\t\t\t<a href=\"http:\/\/stavimeplzensko.cz\/wp-content\/uploads\/2023\/03\/pudorys_dnesice_patro-e1679991126826.png\" data-elementor-open-lightbox=\"yes\" data-elementor-lightbox-title=\"pudorys_dnesice_patro\" e-action-hash=\"#elementor-action%3Aaction%3Dlightbox%26settings%3DeyJpZCI6MzIzOSwidXJsIjoiaHR0cHM6XC9cL3N0YXZpbWVwbHplbnNrby5jelwvd3AtY29udGVudFwvdXBsb2Fkc1wvMjAyM1wvMDNcL3B1ZG9yeXNfZG5lc2ljZV9wYXRyby1lMTY3OTk5MTEyNjgyNi5wbmcifQ%3D%3D\"><br \/>\n\t\t\t\t\t\t\t<img decoding=\"async\" width=\"2688\" height=\"2112\" src=\"https:\/\/stavimeplzensko.cz\/wp-content\/uploads\/2023\/03\/pudorys_dnesice_patro-e1679991126826.png\" alt=\"\" loading=\"lazy\" srcset=\"https:\/\/stavimeplzensko.cz\/wp-content\/uploads\/2023\/03\/pudorys_dnesice_patro-e1679991126826.png 2688w, https:\/\/stavimeplzensko.cz\/wp-content\/uploads\/2023\/03\/pudorys_dnesice_patro-e1679991126826-300x236.png 300w, https:\/\/stavimeplzensko.cz\/wp-content\/uploads\/2023\/03\/pudorys_dnesice_patro-e1679991126826-1024x805.png 1024w, https:\/\/stavimeplzensko.cz\/wp-content\/uploads\/2023\/03\/pudorys_dnesice_patro-e1679991126826-768x603.png 768w, https:\/\/stavimeplzensko.cz\/wp-content\/uploads\/2023\/03\/pudorys_dnesice_patro-e1679991126826-1536x1207.png 1536w, https:\/\/stavimeplzensko.cz\/wp-content\/uploads\/2023\/03\/pudorys_dnesice_patro-e1679991126826-2048x1609.png 2048w\" sizes=\"auto, (max-width: 2688px) 100vw, 2688px\" \/>\t\t\t\t\t\t\t\t<\/a><br \/>\n\t\t\t\t\t\t\t\t\t\t\t\t\t\t\t<img decoding=\"async\" width=\"960\" height=\"540\" src=\"https:\/\/stavimeplzensko.cz\/wp-content\/uploads\/2023\/07\/pudorys-prizemi_mid.png\" alt=\"\" loading=\"lazy\" srcset=\"https:\/\/stavimeplzensko.cz\/wp-content\/uploads\/2023\/07\/pudorys-prizemi_mid.png 960w, https:\/\/stavimeplzensko.cz\/wp-content\/uploads\/2023\/07\/pudorys-prizemi_mid-300x169.png 300w, https:\/\/stavimeplzensko.cz\/wp-content\/uploads\/2023\/07\/pudorys-prizemi_mid-768x432.png 768w\" sizes=\"auto, (max-width: 960px) 100vw, 960px\" \/><br \/>\n\t\t\t\t\t\t\t\t\t\t\t\t\t\t\t<img decoding=\"async\" width=\"960\" height=\"540\" src=\"https:\/\/stavimeplzensko.cz\/wp-content\/uploads\/2023\/07\/pudorys-patro_mid.png\" alt=\"\" loading=\"lazy\" srcset=\"https:\/\/stavimeplzensko.cz\/wp-content\/uploads\/2023\/07\/pudorys-patro_mid.png 960w, https:\/\/stavimeplzensko.cz\/wp-content\/uploads\/2023\/07\/pudorys-patro_mid-300x169.png 300w, https:\/\/stavimeplzensko.cz\/wp-content\/uploads\/2023\/07\/pudorys-patro_mid-768x432.png 768w\" sizes=\"auto, (max-width: 960px) 100vw, 960px\" \/><\/p>\n","protected":false},"excerpt":{"rendered":"<p>RD Dne\u0161icE Zobrazit v\u00edce: ROdinn\u00e9 domy &#8211; DNe\u0161ice Aktu\u00e1ln\u011b pro V\u00e1s p\u0159ipravujeme pr\u00e9miov\u00e9 bydlen\u00ed v dojezdov\u00e9 vzd\u00e1lenosti do Plzn\u011b v obci Dne\u0161ice. Vyroste zde celkem 8 rodinn\u00fdch dom\u016f s vlastn\u00ed zahradou a parkovac\u00edm st\u00e1n\u00edm. Domy jsou \u0159e\u0161eny v dispozici 5KK s podlahovou plochou 126 m2. Rodinn\u00e9 bydlen\u00ed Parkovac\u00ed st\u00e1n\u00ed Vlastn\u00ed zahrada Klidn\u00e1 lokalita Domy stav\u00edme [&hellip;]<\/p>\n","protected":false},"author":1,"featured_media":0,"parent":0,"menu_order":0,"comment_status":"closed","ping_status":"open","template":"elementor_header_footer","meta":{"footnotes":""},"class_list":["post-2821","page","type-page","status-publish","hentry"],"yoast_head":"<!-- This site is optimized with the Yoast SEO plugin v27.0 - https:\/\/yoast.com\/product\/yoast-seo-wordpress\/ -->\n<title>RD - Dne\u0161ice - stavimeplzensko.cz<\/title>\n<meta name=\"robots\" content=\"index, follow, max-snippet:-1, max-image-preview:large, max-video-preview:-1\" \/>\n<link rel=\"canonical\" href=\"https:\/\/stavimeplzensko.cz\/?page_id=2821\" \/>\n<meta property=\"og:locale\" content=\"cs_CZ\" \/>\n<meta property=\"og:type\" content=\"article\" \/>\n<meta property=\"og:title\" content=\"RD - Dne\u0161ice - stavimeplzensko.cz\" \/>\n<meta property=\"og:description\" content=\"RD Dne\u0161icE Zobrazit v\u00edce: ROdinn\u00e9 domy &#8211; DNe\u0161ice Aktu\u00e1ln\u011b pro V\u00e1s p\u0159ipravujeme pr\u00e9miov\u00e9 bydlen\u00ed v dojezdov\u00e9 vzd\u00e1lenosti do Plzn\u011b v obci Dne\u0161ice. Vyroste zde celkem 8 rodinn\u00fdch dom\u016f s vlastn\u00ed zahradou a parkovac\u00edm st\u00e1n\u00edm. Domy jsou \u0159e\u0161eny v dispozici 5KK s podlahovou plochou 126 m2. Rodinn\u00e9 bydlen\u00ed Parkovac\u00ed st\u00e1n\u00ed Vlastn\u00ed zahrada Klidn\u00e1 lokalita Domy stav\u00edme [&hellip;]\" \/>\n<meta property=\"og:url\" content=\"https:\/\/stavimeplzensko.cz\/?page_id=2821\" \/>\n<meta property=\"og:site_name\" content=\"stavimeplzensko.cz\" \/>\n<meta property=\"article:modified_time\" content=\"2024-05-19T22:56:43+00:00\" \/>\n<meta property=\"og:image\" content=\"https:\/\/stavimeplzensko.cz\/wp-content\/uploads\/2023\/03\/pudorys_dnesice_prizemi-1-e1679990980501.png\" \/>\n<meta name=\"twitter:card\" content=\"summary_large_image\" \/>\n<meta name=\"twitter:label1\" content=\"Odhadovan\u00e1 doba \u010dten\u00ed\" \/>\n\t<meta name=\"twitter:data1\" content=\"8 minut\" \/>\n<script type=\"application\/ld+json\" class=\"yoast-schema-graph\">{\"@context\":\"https:\/\/schema.org\",\"@graph\":[{\"@type\":\"WebPage\",\"@id\":\"https:\/\/stavimeplzensko.cz\/?page_id=2821\",\"url\":\"https:\/\/stavimeplzensko.cz\/?page_id=2821\",\"name\":\"RD - Dne\u0161ice - stavimeplzensko.cz\",\"isPartOf\":{\"@id\":\"https:\/\/stavimeplzensko.cz\/#website\"},\"primaryImageOfPage\":{\"@id\":\"https:\/\/stavimeplzensko.cz\/?page_id=2821#primaryimage\"},\"image\":{\"@id\":\"https:\/\/stavimeplzensko.cz\/?page_id=2821#primaryimage\"},\"thumbnailUrl\":\"https:\/\/stavimeplzensko.cz\/wp-content\/uploads\/2023\/03\/pudorys_dnesice_prizemi-1-e1679990980501.png\",\"datePublished\":\"2022-03-23T19:49:43+00:00\",\"dateModified\":\"2024-05-19T22:56:43+00:00\",\"breadcrumb\":{\"@id\":\"https:\/\/stavimeplzensko.cz\/?page_id=2821#breadcrumb\"},\"inLanguage\":\"cs\",\"potentialAction\":[{\"@type\":\"ReadAction\",\"target\":[\"https:\/\/stavimeplzensko.cz\/?page_id=2821\"]}]},{\"@type\":\"ImageObject\",\"inLanguage\":\"cs\",\"@id\":\"https:\/\/stavimeplzensko.cz\/?page_id=2821#primaryimage\",\"url\":\"https:\/\/stavimeplzensko.cz\/wp-content\/uploads\/2023\/03\/pudorys_dnesice_prizemi-1-e1679990980501.png\",\"contentUrl\":\"https:\/\/stavimeplzensko.cz\/wp-content\/uploads\/2023\/03\/pudorys_dnesice_prizemi-1-e1679990980501.png\",\"width\":2691,\"height\":2112},{\"@type\":\"BreadcrumbList\",\"@id\":\"https:\/\/stavimeplzensko.cz\/?page_id=2821#breadcrumb\",\"itemListElement\":[{\"@type\":\"ListItem\",\"position\":1,\"name\":\"Dom\u016f\",\"item\":\"https:\/\/stavimeplzensko.cz\/\"},{\"@type\":\"ListItem\",\"position\":2,\"name\":\"RD &#8211; Dne\u0161ice\"}]},{\"@type\":\"WebSite\",\"@id\":\"https:\/\/stavimeplzensko.cz\/#website\",\"url\":\"https:\/\/stavimeplzensko.cz\/\",\"name\":\"stavimeplzensko.cz\",\"description\":\"Development | stavebnictv\u00ed | rekonstrukce\",\"alternateName\":\"Stav\u00edme Plze\u0148sko\",\"potentialAction\":[{\"@type\":\"SearchAction\",\"target\":{\"@type\":\"EntryPoint\",\"urlTemplate\":\"https:\/\/stavimeplzensko.cz\/?s={search_term_string}\"},\"query-input\":{\"@type\":\"PropertyValueSpecification\",\"valueRequired\":true,\"valueName\":\"search_term_string\"}}],\"inLanguage\":\"cs\"}]}<\/script>\n<!-- \/ Yoast SEO plugin. -->","yoast_head_json":{"title":"RD - Dne\u0161ice - stavimeplzensko.cz","robots":{"index":"index","follow":"follow","max-snippet":"max-snippet:-1","max-image-preview":"max-image-preview:large","max-video-preview":"max-video-preview:-1"},"canonical":"https:\/\/stavimeplzensko.cz\/?page_id=2821","og_locale":"cs_CZ","og_type":"article","og_title":"RD - Dne\u0161ice - stavimeplzensko.cz","og_description":"RD Dne\u0161icE Zobrazit v\u00edce: ROdinn\u00e9 domy &#8211; DNe\u0161ice Aktu\u00e1ln\u011b pro V\u00e1s p\u0159ipravujeme pr\u00e9miov\u00e9 bydlen\u00ed v dojezdov\u00e9 vzd\u00e1lenosti do Plzn\u011b v obci Dne\u0161ice. Vyroste zde celkem 8 rodinn\u00fdch dom\u016f s vlastn\u00ed zahradou a parkovac\u00edm st\u00e1n\u00edm. Domy jsou \u0159e\u0161eny v dispozici 5KK s podlahovou plochou 126 m2. Rodinn\u00e9 bydlen\u00ed Parkovac\u00ed st\u00e1n\u00ed Vlastn\u00ed zahrada Klidn\u00e1 lokalita Domy stav\u00edme [&hellip;]","og_url":"https:\/\/stavimeplzensko.cz\/?page_id=2821","og_site_name":"stavimeplzensko.cz","article_modified_time":"2024-05-19T22:56:43+00:00","og_image":[{"url":"https:\/\/stavimeplzensko.cz\/wp-content\/uploads\/2023\/03\/pudorys_dnesice_prizemi-1-e1679990980501.png","type":"","width":"","height":""}],"twitter_card":"summary_large_image","twitter_misc":{"Odhadovan\u00e1 doba \u010dten\u00ed":"8 minut"},"schema":{"@context":"https:\/\/schema.org","@graph":[{"@type":"WebPage","@id":"https:\/\/stavimeplzensko.cz\/?page_id=2821","url":"https:\/\/stavimeplzensko.cz\/?page_id=2821","name":"RD - Dne\u0161ice - stavimeplzensko.cz","isPartOf":{"@id":"https:\/\/stavimeplzensko.cz\/#website"},"primaryImageOfPage":{"@id":"https:\/\/stavimeplzensko.cz\/?page_id=2821#primaryimage"},"image":{"@id":"https:\/\/stavimeplzensko.cz\/?page_id=2821#primaryimage"},"thumbnailUrl":"https:\/\/stavimeplzensko.cz\/wp-content\/uploads\/2023\/03\/pudorys_dnesice_prizemi-1-e1679990980501.png","datePublished":"2022-03-23T19:49:43+00:00","dateModified":"2024-05-19T22:56:43+00:00","breadcrumb":{"@id":"https:\/\/stavimeplzensko.cz\/?page_id=2821#breadcrumb"},"inLanguage":"cs","potentialAction":[{"@type":"ReadAction","target":["https:\/\/stavimeplzensko.cz\/?page_id=2821"]}]},{"@type":"ImageObject","inLanguage":"cs","@id":"https:\/\/stavimeplzensko.cz\/?page_id=2821#primaryimage","url":"https:\/\/stavimeplzensko.cz\/wp-content\/uploads\/2023\/03\/pudorys_dnesice_prizemi-1-e1679990980501.png","contentUrl":"https:\/\/stavimeplzensko.cz\/wp-content\/uploads\/2023\/03\/pudorys_dnesice_prizemi-1-e1679990980501.png","width":2691,"height":2112},{"@type":"BreadcrumbList","@id":"https:\/\/stavimeplzensko.cz\/?page_id=2821#breadcrumb","itemListElement":[{"@type":"ListItem","position":1,"name":"Dom\u016f","item":"https:\/\/stavimeplzensko.cz\/"},{"@type":"ListItem","position":2,"name":"RD &#8211; Dne\u0161ice"}]},{"@type":"WebSite","@id":"https:\/\/stavimeplzensko.cz\/#website","url":"https:\/\/stavimeplzensko.cz\/","name":"stavimeplzensko.cz","description":"Development | stavebnictv\u00ed | rekonstrukce","alternateName":"Stav\u00edme Plze\u0148sko","potentialAction":[{"@type":"SearchAction","target":{"@type":"EntryPoint","urlTemplate":"https:\/\/stavimeplzensko.cz\/?s={search_term_string}"},"query-input":{"@type":"PropertyValueSpecification","valueRequired":true,"valueName":"search_term_string"}}],"inLanguage":"cs"}]}},"_links":{"self":[{"href":"https:\/\/stavimeplzensko.cz\/index.php?rest_route=\/wp\/v2\/pages\/2821","targetHints":{"allow":["GET"]}}],"collection":[{"href":"https:\/\/stavimeplzensko.cz\/index.php?rest_route=\/wp\/v2\/pages"}],"about":[{"href":"https:\/\/stavimeplzensko.cz\/index.php?rest_route=\/wp\/v2\/types\/page"}],"author":[{"embeddable":true,"href":"https:\/\/stavimeplzensko.cz\/index.php?rest_route=\/wp\/v2\/users\/1"}],"replies":[{"embeddable":true,"href":"https:\/\/stavimeplzensko.cz\/index.php?rest_route=%2Fwp%2Fv2%2Fcomments&post=2821"}],"version-history":[{"count":217,"href":"https:\/\/stavimeplzensko.cz\/index.php?rest_route=\/wp\/v2\/pages\/2821\/revisions"}],"predecessor-version":[{"id":3905,"href":"https:\/\/stavimeplzensko.cz\/index.php?rest_route=\/wp\/v2\/pages\/2821\/revisions\/3905"}],"wp:attachment":[{"href":"https:\/\/stavimeplzensko.cz\/index.php?rest_route=%2Fwp%2Fv2%2Fmedia&parent=2821"}],"curies":[{"name":"wp","href":"https:\/\/api.w.org\/{rel}","templated":true}]}}