{"id":3365,"date":"2023-04-24T09:27:27","date_gmt":"2023-04-24T09:27:27","guid":{"rendered":"http:\/\/stavimeplzensko.cz\/rd-dnesice-copy\/"},"modified":"2024-06-03T15:21:27","modified_gmt":"2024-06-03T15:21:27","slug":"domy-skomelno","status":"publish","type":"page","link":"https:\/\/stavimeplzensko.cz\/?page_id=3365","title":{"rendered":"Domy &#8211; Skomelno"},"content":{"rendered":"<h1>Domy skomelno<\/h1>\n<p>\t\t\t<a href=\"#vice\"><br \/>\n\t\t\t\t\t\t\t\t\tZobrazit v\u00edce<br \/>\n\t\t\t\t\t<\/a><\/p>\n<h2>ROdinn\u00e9 domy &#8211; Skomelno<\/h2>\n<h4>Chcete bydlet v nov\u00e9m na venkov\u011b, co by ko\u0161\u00edkem do lesa dohodil, a p\u0159itom m\u00edt Prahu a Plze\u0148 \u201cza rohem\u201d?<br \/>V obci Skomelno, mo\u017en\u00e1 pr\u00e1v\u011b pro V\u00e1s m\u00e1me p\u0159\u00edb\u011bh &#8211; vlastn\u00ed d\u016fm. 20 minut autem od Plzn\u011b a 38 minut do Prahy.<br \/>Chcete dostatek prostoru pro seberealizaci, mnoho mo\u017enost\u00ed r\u016fzn\u00e9ho vy\u017eit\u00ed, a p\u0159esto i klid a soukrom\u00ed. Domy jsou francouzsk\u00fdmi okny spojen\u00e9 se zahradou, ve kter\u00e9 stoj\u00ed. Je u\u017e jen na V\u00e1s, zda zasad\u00edte r\u016f\u017ee nebo raj\u010data, postav\u00edte baz\u00e9n anebo pergolu.<br \/>S p\u0159\u00edb\u011bhem Va\u0161eho budouc\u00edho domova V\u00e1m r\u00e1di pom\u016f\u017eeme.<\/h4>\n<h5>Kuchy\u0148sk\u00e1 linka v cen\u011b<\/h5>\n<h5>Parkovac\u00ed st\u00e1n\u00ed<\/h5>\n<h5>Vlastn\u00ed zahrada<\/h5>\n<p>\t\t\t\t\t\t\t\t\tRD \u010d. 01<br \/>\n\t\t\t\t\t\t\t\t\tRD \u010d. 01<\/p>\n<ul>\n<li><strong>Rodinn\u00fd d\u016fm 128m2<\/strong><\/li>\n<li><strong>Pozemek 878m2<\/strong><\/li>\n<li>Kuchy\u0148sk\u00e1 linka v cen\u011b<\/li>\n<li>Z\u00e1rubn\u011b + dve\u0159e<\/li>\n<li>Obklady a podlahy v\u010detn\u011b koupelny&nbsp;<\/li>\n<li>P\u0159\u00edprava pro bezpe\u010dnost\u00ed okenn\u00ed rolety<\/li>\n<li>Tepeln\u00e9 \u010derpadlo<\/li>\n<li>Energetick\u00fd pr\u016fkaz t\u0159\u00eddy A &#8211; mimo\u0159\u00e1dn\u011b \u00fasporn\u00fd d\u016fm<\/li>\n<\/ul>\n<p><strong>Cena domu &#8211; 7 997 000,- K\u010d&nbsp; (sn\u00ed\u017eena o hodnotu dotace \u00farokov\u00e9 sazby 2,99 % p.a. na 1 rok)<\/strong><\/p>\n<p>\t\t\t\t\t\t\t\t\t\t\t\t\t\t<a href=\"http:\/\/stavimeplzensko.cz\/wp-content\/uploads\/2023\/04\/KH2U9O.jpeg\" data-elementor-open-lightbox=\"yes\" data-elementor-lightbox-title=\"KH2U9O\" data-e-action-hash=\"#elementor-action%3Aaction%3Dlightbox%26settings%3DeyJpZCI6MzQxOCwidXJsIjoiaHR0cHM6XC9cL3N0YXZpbWVwbHplbnNrby5jelwvd3AtY29udGVudFwvdXBsb2Fkc1wvMjAyM1wvMDRcL0tIMlU5Ty5qcGVnIn0%3D\"><br \/>\n\t\t\t\t\t\t\t<img loading=\"lazy\" decoding=\"async\" width=\"1024\" height=\"835\" src=\"https:\/\/stavimeplzensko.cz\/wp-content\/uploads\/2023\/04\/KH2U9O-1024x835.jpeg\" alt=\"\" srcset=\"https:\/\/stavimeplzensko.cz\/wp-content\/uploads\/2023\/04\/KH2U9O-1024x835.jpeg 1024w, https:\/\/stavimeplzensko.cz\/wp-content\/uploads\/2023\/04\/KH2U9O-300x245.jpeg 300w, https:\/\/stavimeplzensko.cz\/wp-content\/uploads\/2023\/04\/KH2U9O-768x626.jpeg 768w, https:\/\/stavimeplzensko.cz\/wp-content\/uploads\/2023\/04\/KH2U9O.jpeg 1324w\" sizes=\"auto, (max-width: 1024px) 100vw, 1024px\" \/>\t\t\t\t\t\t\t\t<\/a><br \/>\n\t\t[drawattention]<br \/>\n\t\t\t\t\t\t\t\t\t\t\t\t\t\t<a href=\"http:\/\/stavimeplzensko.cz\/wp-content\/uploads\/2023\/03\/pudorys_dnesice_prizemi-1-e1679990980501.png\" data-elementor-open-lightbox=\"yes\" data-elementor-lightbox-title=\"pudorys_dnesice_prizemi\" data-e-action-hash=\"#elementor-action%3Aaction%3Dlightbox%26settings%3DeyJpZCI6MzI0MiwidXJsIjoiaHR0cHM6XC9cL3N0YXZpbWVwbHplbnNrby5jelwvd3AtY29udGVudFwvdXBsb2Fkc1wvMjAyM1wvMDNcL3B1ZG9yeXNfZG5lc2ljZV9wcml6ZW1pLTEtZTE2Nzk5OTA5ODA1MDEucG5nIn0%3D\"><br \/>\n\t\t\t\t\t\t\t<img loading=\"lazy\" decoding=\"async\" width=\"2691\" height=\"2112\" src=\"https:\/\/stavimeplzensko.cz\/wp-content\/uploads\/2023\/03\/pudorys_dnesice_prizemi-1-e1679990980501.png\" alt=\"\" srcset=\"https:\/\/stavimeplzensko.cz\/wp-content\/uploads\/2023\/03\/pudorys_dnesice_prizemi-1-e1679990980501.png 2691w, https:\/\/stavimeplzensko.cz\/wp-content\/uploads\/2023\/03\/pudorys_dnesice_prizemi-1-e1679990980501-300x235.png 300w, https:\/\/stavimeplzensko.cz\/wp-content\/uploads\/2023\/03\/pudorys_dnesice_prizemi-1-e1679990980501-1024x804.png 1024w, https:\/\/stavimeplzensko.cz\/wp-content\/uploads\/2023\/03\/pudorys_dnesice_prizemi-1-e1679990980501-768x603.png 768w, https:\/\/stavimeplzensko.cz\/wp-content\/uploads\/2023\/03\/pudorys_dnesice_prizemi-1-e1679990980501-1536x1206.png 1536w, https:\/\/stavimeplzensko.cz\/wp-content\/uploads\/2023\/03\/pudorys_dnesice_prizemi-1-e1679990980501-2048x1607.png 2048w\" sizes=\"auto, (max-width: 2691px) 100vw, 2691px\" \/>\t\t\t\t\t\t\t\t<\/a><br \/>\n\t\t\t\t\t\t\t\t\t\t\t\t\t\t<a href=\"http:\/\/stavimeplzensko.cz\/wp-content\/uploads\/2023\/03\/pudorys_dnesice_patro-e1679991126826.png\" data-elementor-open-lightbox=\"yes\" data-elementor-lightbox-title=\"pudorys_dnesice_patro\" data-e-action-hash=\"#elementor-action%3Aaction%3Dlightbox%26settings%3DeyJpZCI6MzIzOSwidXJsIjoiaHR0cHM6XC9cL3N0YXZpbWVwbHplbnNrby5jelwvd3AtY29udGVudFwvdXBsb2Fkc1wvMjAyM1wvMDNcL3B1ZG9yeXNfZG5lc2ljZV9wYXRyby1lMTY3OTk5MTEyNjgyNi5wbmcifQ%3D%3D\"><br \/>\n\t\t\t\t\t\t\t<img loading=\"lazy\" decoding=\"async\" width=\"2688\" height=\"2112\" src=\"https:\/\/stavimeplzensko.cz\/wp-content\/uploads\/2023\/03\/pudorys_dnesice_patro-e1679991126826.png\" alt=\"\" srcset=\"https:\/\/stavimeplzensko.cz\/wp-content\/uploads\/2023\/03\/pudorys_dnesice_patro-e1679991126826.png 2688w, https:\/\/stavimeplzensko.cz\/wp-content\/uploads\/2023\/03\/pudorys_dnesice_patro-e1679991126826-300x236.png 300w, https:\/\/stavimeplzensko.cz\/wp-content\/uploads\/2023\/03\/pudorys_dnesice_patro-e1679991126826-1024x805.png 1024w, https:\/\/stavimeplzensko.cz\/wp-content\/uploads\/2023\/03\/pudorys_dnesice_patro-e1679991126826-768x603.png 768w, https:\/\/stavimeplzensko.cz\/wp-content\/uploads\/2023\/03\/pudorys_dnesice_patro-e1679991126826-1536x1207.png 1536w, https:\/\/stavimeplzensko.cz\/wp-content\/uploads\/2023\/03\/pudorys_dnesice_patro-e1679991126826-2048x1609.png 2048w\" sizes=\"auto, (max-width: 2688px) 100vw, 2688px\" \/>\t\t\t\t\t\t\t\t<\/a><br \/>\n\t\t<iframe loading=\"lazy\" title=\"Uva\u017eujete o koupi domu sn\u016f ?\" width=\"800\" height=\"450\" src=\"https:\/\/www.youtube.com\/embed\/8DXgeUdAlrM?feature=oembed\" frameborder=\"0\" allow=\"accelerometer; autoplay; clipboard-write; encrypted-media; gyroscope; picture-in-picture; web-share\" referrerpolicy=\"strict-origin-when-cross-origin\" allowfullscreen><\/iframe><br \/>\n                                <a data-elementor-open-lightbox=\"no\" href=\"https:\/\/stavimeplzensko.cz\/wp-content\/uploads\/2023\/06\/IMG_1969.png\" rel=\"npgallery\"><br \/>\n                                    <img decoding=\"async\" src=\"https:\/\/stavimeplzensko.cz\/wp-content\/uploads\/2023\/06\/IMG_1969.png\" alt=\"\"><br \/>\n                                <\/a><br \/>\n                                <a data-elementor-open-lightbox=\"no\" href=\"https:\/\/stavimeplzensko.cz\/wp-content\/uploads\/2024\/01\/7bb51619-6c3a-471a-b991-5a8380b9a32c-e1706485015831.jpg\" rel=\"npgallery\"><br \/>\n                                    <img decoding=\"async\" src=\"https:\/\/stavimeplzensko.cz\/wp-content\/uploads\/2024\/01\/7bb51619-6c3a-471a-b991-5a8380b9a32c-e1706485015831.jpg\" alt=\"\"><br \/>\n                                <\/a><br \/>\n                                <a data-elementor-open-lightbox=\"no\" href=\"https:\/\/stavimeplzensko.cz\/wp-content\/uploads\/2024\/01\/20240127_160055.jpg\" rel=\"npgallery\"><br \/>\n                                    <img decoding=\"async\" src=\"https:\/\/stavimeplzensko.cz\/wp-content\/uploads\/2024\/01\/20240127_160055.jpg\" alt=\"\"><br \/>\n                                <\/a><br \/>\n                                <a data-elementor-open-lightbox=\"no\" href=\"https:\/\/stavimeplzensko.cz\/wp-content\/uploads\/2024\/01\/dji_fly_20240127_155612_11_1706378970203_photo.jpg\" rel=\"npgallery\"><br \/>\n                                    <img decoding=\"async\" src=\"https:\/\/stavimeplzensko.cz\/wp-content\/uploads\/2024\/01\/dji_fly_20240127_155612_11_1706378970203_photo.jpg\" alt=\"\"><br \/>\n                                <\/a><br \/>\n                                <a data-elementor-open-lightbox=\"no\" href=\"https:\/\/stavimeplzensko.cz\/wp-content\/uploads\/2024\/01\/20240127_155949.jpg\" rel=\"npgallery\"><br \/>\n                                    <img decoding=\"async\" src=\"https:\/\/stavimeplzensko.cz\/wp-content\/uploads\/2024\/01\/20240127_155949.jpg\" alt=\"\"><br \/>\n                                <\/a><br \/>\n                                <a data-elementor-open-lightbox=\"no\" href=\"https:\/\/stavimeplzensko.cz\/wp-content\/uploads\/2023\/06\/20230520_195000-scaled-e1706485290841.jpg\" rel=\"npgallery\"><br \/>\n                                    <img decoding=\"async\" src=\"https:\/\/stavimeplzensko.cz\/wp-content\/uploads\/2023\/06\/20230520_195000-scaled-e1706485290841.jpg\" alt=\"\"><br \/>\n                                <\/a><br \/>\n                                <a data-elementor-open-lightbox=\"no\" href=\"https:\/\/stavimeplzensko.cz\/wp-content\/uploads\/2024\/01\/dji_fly_20240127_160032_30_1706378930480_photo_uprav_mini.jpg\" rel=\"npgallery\"><br \/>\n                                    <img decoding=\"async\" src=\"https:\/\/stavimeplzensko.cz\/wp-content\/uploads\/2024\/01\/dji_fly_20240127_160032_30_1706378930480_photo_uprav_mini.jpg\" alt=\"\"><br \/>\n                                <\/a><br \/>\n\t\t\t<iframe loading=\"lazy\"\n\t\t\t\t\tsrc=\"https:\/\/maps.google.com\/maps?q=Skomelno&#038;t=m&#038;z=10&#038;output=embed&#038;iwloc=near\"\n\t\t\t\t\ttitle=\"Skomelno\"\n\t\t\t\t\taria-label=\"Skomelno\"\n\t\t\t><\/iframe><\/p>\n","protected":false},"excerpt":{"rendered":"<p>Domy skomelno Zobrazit v\u00edce ROdinn\u00e9 domy &#8211; Skomelno Chcete bydlet v nov\u00e9m na venkov\u011b, co by ko\u0161\u00edkem do lesa dohodil, a p\u0159itom m\u00edt Prahu a Plze\u0148 \u201cza rohem\u201d?V obci Skomelno, mo\u017en\u00e1 pr\u00e1v\u011b pro V\u00e1s m\u00e1me p\u0159\u00edb\u011bh &#8211; vlastn\u00ed d\u016fm. 20 minut autem od Plzn\u011b a 38 minut do Prahy.Chcete dostatek prostoru pro seberealizaci, mnoho mo\u017enost\u00ed [&hellip;]<\/p>\n","protected":false},"author":1,"featured_media":0,"parent":0,"menu_order":0,"comment_status":"closed","ping_status":"open","template":"elementor_header_footer","meta":{"footnotes":""},"class_list":["post-3365","page","type-page","status-publish","hentry"],"yoast_head":"<!-- This site is optimized with the Yoast SEO plugin v27.0 - https:\/\/yoast.com\/product\/yoast-seo-wordpress\/ -->\n<title>Domy - Skomelno - stavimeplzensko.cz<\/title>\n<meta name=\"robots\" content=\"index, follow, max-snippet:-1, max-image-preview:large, max-video-preview:-1\" \/>\n<link rel=\"canonical\" href=\"https:\/\/stavimeplzensko.cz\/?page_id=3365\" \/>\n<meta property=\"og:locale\" content=\"cs_CZ\" \/>\n<meta property=\"og:type\" content=\"article\" \/>\n<meta property=\"og:title\" content=\"Domy - Skomelno - stavimeplzensko.cz\" \/>\n<meta property=\"og:description\" content=\"Domy skomelno Zobrazit v\u00edce ROdinn\u00e9 domy &#8211; Skomelno Chcete bydlet v nov\u00e9m na venkov\u011b, co by ko\u0161\u00edkem do lesa dohodil, a p\u0159itom m\u00edt Prahu a Plze\u0148 \u201cza rohem\u201d?V obci Skomelno, mo\u017en\u00e1 pr\u00e1v\u011b pro V\u00e1s m\u00e1me p\u0159\u00edb\u011bh &#8211; vlastn\u00ed d\u016fm. 20 minut autem od Plzn\u011b a 38 minut do Prahy.Chcete dostatek prostoru pro seberealizaci, mnoho mo\u017enost\u00ed [&hellip;]\" \/>\n<meta property=\"og:url\" content=\"https:\/\/stavimeplzensko.cz\/?page_id=3365\" \/>\n<meta property=\"og:site_name\" content=\"stavimeplzensko.cz\" \/>\n<meta property=\"article:modified_time\" content=\"2024-06-03T15:21:27+00:00\" \/>\n<meta property=\"og:image\" content=\"https:\/\/stavimeplzensko.cz\/wp-content\/uploads\/2023\/04\/KH2U9O-1024x835.jpeg\" \/>\n<meta name=\"twitter:card\" content=\"summary_large_image\" \/>\n<meta name=\"twitter:label1\" content=\"Odhadovan\u00e1 doba \u010dten\u00ed\" \/>\n\t<meta name=\"twitter:data1\" content=\"4 minuty\" \/>\n<script type=\"application\/ld+json\" class=\"yoast-schema-graph\">{\"@context\":\"https:\/\/schema.org\",\"@graph\":[{\"@type\":\"WebPage\",\"@id\":\"https:\/\/stavimeplzensko.cz\/?page_id=3365\",\"url\":\"https:\/\/stavimeplzensko.cz\/?page_id=3365\",\"name\":\"Domy - Skomelno - stavimeplzensko.cz\",\"isPartOf\":{\"@id\":\"https:\/\/stavimeplzensko.cz\/#website\"},\"primaryImageOfPage\":{\"@id\":\"https:\/\/stavimeplzensko.cz\/?page_id=3365#primaryimage\"},\"image\":{\"@id\":\"https:\/\/stavimeplzensko.cz\/?page_id=3365#primaryimage\"},\"thumbnailUrl\":\"https:\/\/stavimeplzensko.cz\/wp-content\/uploads\/2023\/04\/KH2U9O-1024x835.jpeg\",\"datePublished\":\"2023-04-24T09:27:27+00:00\",\"dateModified\":\"2024-06-03T15:21:27+00:00\",\"breadcrumb\":{\"@id\":\"https:\/\/stavimeplzensko.cz\/?page_id=3365#breadcrumb\"},\"inLanguage\":\"cs\",\"potentialAction\":[{\"@type\":\"ReadAction\",\"target\":[\"https:\/\/stavimeplzensko.cz\/?page_id=3365\"]}]},{\"@type\":\"ImageObject\",\"inLanguage\":\"cs\",\"@id\":\"https:\/\/stavimeplzensko.cz\/?page_id=3365#primaryimage\",\"url\":\"https:\/\/stavimeplzensko.cz\/wp-content\/uploads\/2023\/04\/KH2U9O-1024x835.jpeg\",\"contentUrl\":\"https:\/\/stavimeplzensko.cz\/wp-content\/uploads\/2023\/04\/KH2U9O-1024x835.jpeg\"},{\"@type\":\"BreadcrumbList\",\"@id\":\"https:\/\/stavimeplzensko.cz\/?page_id=3365#breadcrumb\",\"itemListElement\":[{\"@type\":\"ListItem\",\"position\":1,\"name\":\"Dom\u016f\",\"item\":\"https:\/\/stavimeplzensko.cz\/\"},{\"@type\":\"ListItem\",\"position\":2,\"name\":\"Domy &#8211; Skomelno\"}]},{\"@type\":\"WebSite\",\"@id\":\"https:\/\/stavimeplzensko.cz\/#website\",\"url\":\"https:\/\/stavimeplzensko.cz\/\",\"name\":\"stavimeplzensko.cz\",\"description\":\"Development | stavebnictv\u00ed | rekonstrukce\",\"alternateName\":\"Stav\u00edme Plze\u0148sko\",\"potentialAction\":[{\"@type\":\"SearchAction\",\"target\":{\"@type\":\"EntryPoint\",\"urlTemplate\":\"https:\/\/stavimeplzensko.cz\/?s={search_term_string}\"},\"query-input\":{\"@type\":\"PropertyValueSpecification\",\"valueRequired\":true,\"valueName\":\"search_term_string\"}}],\"inLanguage\":\"cs\"}]}<\/script>\n<!-- \/ Yoast SEO plugin. -->","yoast_head_json":{"title":"Domy - Skomelno - stavimeplzensko.cz","robots":{"index":"index","follow":"follow","max-snippet":"max-snippet:-1","max-image-preview":"max-image-preview:large","max-video-preview":"max-video-preview:-1"},"canonical":"https:\/\/stavimeplzensko.cz\/?page_id=3365","og_locale":"cs_CZ","og_type":"article","og_title":"Domy - Skomelno - stavimeplzensko.cz","og_description":"Domy skomelno Zobrazit v\u00edce ROdinn\u00e9 domy &#8211; Skomelno Chcete bydlet v nov\u00e9m na venkov\u011b, co by ko\u0161\u00edkem do lesa dohodil, a p\u0159itom m\u00edt Prahu a Plze\u0148 \u201cza rohem\u201d?V obci Skomelno, mo\u017en\u00e1 pr\u00e1v\u011b pro V\u00e1s m\u00e1me p\u0159\u00edb\u011bh &#8211; vlastn\u00ed d\u016fm. 20 minut autem od Plzn\u011b a 38 minut do Prahy.Chcete dostatek prostoru pro seberealizaci, mnoho mo\u017enost\u00ed [&hellip;]","og_url":"https:\/\/stavimeplzensko.cz\/?page_id=3365","og_site_name":"stavimeplzensko.cz","article_modified_time":"2024-06-03T15:21:27+00:00","og_image":[{"url":"https:\/\/stavimeplzensko.cz\/wp-content\/uploads\/2023\/04\/KH2U9O-1024x835.jpeg","type":"","width":"","height":""}],"twitter_card":"summary_large_image","twitter_misc":{"Odhadovan\u00e1 doba \u010dten\u00ed":"4 minuty"},"schema":{"@context":"https:\/\/schema.org","@graph":[{"@type":"WebPage","@id":"https:\/\/stavimeplzensko.cz\/?page_id=3365","url":"https:\/\/stavimeplzensko.cz\/?page_id=3365","name":"Domy - Skomelno - stavimeplzensko.cz","isPartOf":{"@id":"https:\/\/stavimeplzensko.cz\/#website"},"primaryImageOfPage":{"@id":"https:\/\/stavimeplzensko.cz\/?page_id=3365#primaryimage"},"image":{"@id":"https:\/\/stavimeplzensko.cz\/?page_id=3365#primaryimage"},"thumbnailUrl":"https:\/\/stavimeplzensko.cz\/wp-content\/uploads\/2023\/04\/KH2U9O-1024x835.jpeg","datePublished":"2023-04-24T09:27:27+00:00","dateModified":"2024-06-03T15:21:27+00:00","breadcrumb":{"@id":"https:\/\/stavimeplzensko.cz\/?page_id=3365#breadcrumb"},"inLanguage":"cs","potentialAction":[{"@type":"ReadAction","target":["https:\/\/stavimeplzensko.cz\/?page_id=3365"]}]},{"@type":"ImageObject","inLanguage":"cs","@id":"https:\/\/stavimeplzensko.cz\/?page_id=3365#primaryimage","url":"https:\/\/stavimeplzensko.cz\/wp-content\/uploads\/2023\/04\/KH2U9O-1024x835.jpeg","contentUrl":"https:\/\/stavimeplzensko.cz\/wp-content\/uploads\/2023\/04\/KH2U9O-1024x835.jpeg"},{"@type":"BreadcrumbList","@id":"https:\/\/stavimeplzensko.cz\/?page_id=3365#breadcrumb","itemListElement":[{"@type":"ListItem","position":1,"name":"Dom\u016f","item":"https:\/\/stavimeplzensko.cz\/"},{"@type":"ListItem","position":2,"name":"Domy &#8211; Skomelno"}]},{"@type":"WebSite","@id":"https:\/\/stavimeplzensko.cz\/#website","url":"https:\/\/stavimeplzensko.cz\/","name":"stavimeplzensko.cz","description":"Development | stavebnictv\u00ed | rekonstrukce","alternateName":"Stav\u00edme Plze\u0148sko","potentialAction":[{"@type":"SearchAction","target":{"@type":"EntryPoint","urlTemplate":"https:\/\/stavimeplzensko.cz\/?s={search_term_string}"},"query-input":{"@type":"PropertyValueSpecification","valueRequired":true,"valueName":"search_term_string"}}],"inLanguage":"cs"}]}},"_links":{"self":[{"href":"https:\/\/stavimeplzensko.cz\/index.php?rest_route=\/wp\/v2\/pages\/3365","targetHints":{"allow":["GET"]}}],"collection":[{"href":"https:\/\/stavimeplzensko.cz\/index.php?rest_route=\/wp\/v2\/pages"}],"about":[{"href":"https:\/\/stavimeplzensko.cz\/index.php?rest_route=\/wp\/v2\/types\/page"}],"author":[{"embeddable":true,"href":"https:\/\/stavimeplzensko.cz\/index.php?rest_route=\/wp\/v2\/users\/1"}],"replies":[{"embeddable":true,"href":"https:\/\/stavimeplzensko.cz\/index.php?rest_route=%2Fwp%2Fv2%2Fcomments&post=3365"}],"version-history":[{"count":80,"href":"https:\/\/stavimeplzensko.cz\/index.php?rest_route=\/wp\/v2\/pages\/3365\/revisions"}],"predecessor-version":[{"id":3919,"href":"https:\/\/stavimeplzensko.cz\/index.php?rest_route=\/wp\/v2\/pages\/3365\/revisions\/3919"}],"wp:attachment":[{"href":"https:\/\/stavimeplzensko.cz\/index.php?rest_route=%2Fwp%2Fv2%2Fmedia&parent=3365"}],"curies":[{"name":"wp","href":"https:\/\/api.w.org\/{rel}","templated":true}]}}