{"id":3442,"date":"2023-04-24T10:30:04","date_gmt":"2023-04-24T10:30:04","guid":{"rendered":"http:\/\/stavimeplzensko.cz\/domy-skomelno-copy\/"},"modified":"2025-12-12T08:00:33","modified_gmt":"2025-12-12T08:00:33","slug":"bytovy-dum-klatovska-268","status":"publish","type":"page","link":"https:\/\/stavimeplzensko.cz\/?page_id=3442","title":{"rendered":"Bytov\u00fd d\u016fm Klatovsk\u00e1 268"},"content":{"rendered":"<h1>BD Klatovsk\u00e1<\/h1>\n<p>\t\t\t<a href=\"#vice\"><br \/>\n\t\t\t\t\t\t\t\t\tZobrazit v\u00edce:<br \/>\n\t\t\t\t\t<\/a><\/p>\n<h2>BD Klatovsk\u00e1<\/h2>\n<h4>L\u00edb\u00ed se V\u00e1m kopce, jezera, lesy, sjezdovky, stezky, gastronomie, z\u00e1\u017eitky zkr\u00e1tka \u0160umava? P\u0159em\u00fd\u0161l\u00edte na dostupn\u00fdm bytem na \u0160umav\u011b <br \/>pro rekreaci \u010di na pron\u00e1jem?<br \/>M\u00e1me pro v\u00e1s nov\u00fd byt v bytov\u00e9m dom\u011b v \u017delezn\u00e9 Rud\u011b. Kousek do lesa i do centra \u017delezn\u00e9 Rudy, u sjezdovky Belveder a 500 m <br \/>od nov\u00e9ho p\u0159\u00edrodn\u00edho koupali\u0161t\u011b biotop \u017dab\u00e1ky.<\/h4>\n<h5>9 bytov\u00fdch jednotek<\/h5>\n<h5>Parkovac\u00ed st\u00e1n\u00ed<\/h5>\n<h5>Sklepn\u00ed k\u00f3je<\/h5>\n<h4>Ak\u010dn\u00ed nab\u00eddka &#8211; dotovan\u00e1 hypot\u00e9ka s \u00farokovou sazbou 2<u>,99 % p.a.<\/u> na jeden rok (plat\u00ed pro hypot\u00e9ku na 30 let a LTV do 80%).<\/h4>\n<h2>P\u0159ehled obsazenosti byt\u016f<\/h2>\n<p>&nbsp;<\/p>\n<table>\n<thead>\n<tr>\n<th style=\"text-align: center;\" colspan=\"1\" rowspan=\"1\">\n<strong>byt\/p\u016fdorys<\/strong>\n<\/th>\n<th style=\"text-align: center;\" colspan=\"1\" rowspan=\"1\">\n<strong>&nbsp;BJ (m\u00b2)<\/strong>\n<\/th>\n<th style=\"text-align: center;\" colspan=\"1\" rowspan=\"1\">\n<strong>p\u0159\u00edslu\u0161enstv\u00ed<\/strong>\n<\/th>\n<th style=\"text-align: center;\" colspan=\"1\" rowspan=\"1\">\n<strong>p\u0159\u00edslu\u0161. (m\u00b2)<\/strong>\n<\/th>\n<th colspan=\"1\" rowspan=\"1\">\n<strong>cena (K\u010d)<\/strong>\n<\/th>\n<\/tr>\n<\/thead>\n<tfoot>\n<tr>\n<th colspan=\"1\" rowspan=\"1\">\n&nbsp;\n<\/th>\n<th colspan=\"1\" rowspan=\"1\">&nbsp;<\/th>\n<th colspan=\"1\" rowspan=\"1\">Parkovac\u00ed st\u00e1n\u00ed (4)<\/th>\n<th colspan=\"1\" rowspan=\"1\">\n&nbsp;\n<\/th>\n<th colspan=\"1\" rowspan=\"1\">\n200 000,-\n<\/th>\n<\/tr>\n<\/tfoot>\n<tbody>\n<tr>\n<td><strong><a href=\"http:\/\/stavimeplzensko.cz\/wp-content\/uploads\/2023\/10\/B1.pdf\" target=\"_blank\" rel=\"noopener\">B1<\/a><\/strong><\/td>\n<td><center><strong>38<\/strong><\/center><\/td>\n<td><strong>sklep, p\u0159edzahr\u00e1dka<\/strong><\/td>\n<td><center><strong>42<\/strong><\/center><\/td>\n<td>\n<b>prod\u00e1no<\/b>\n<\/td>\n<\/tr>\n<tr>\n<td><strong><a href=\"http:\/\/stavimeplzensko.cz\/wp-content\/uploads\/2023\/10\/B2.pdf\" target=\"_blank\" rel=\"noopener\">B2<\/a><\/strong><\/td>\n<td><center><strong>49<\/strong><\/center><\/td>\n<td><strong>sklep, p\u0159edzahr\u00e1dka<\/strong><\/td>\n<td><center><strong>30<\/strong><\/center><\/td>\n<td>\n<strong>prod\u00e1no<\/strong>\n<\/td>\n<\/tr>\n<tr>\n<td><strong><a href=\"http:\/\/stavimeplzensko.cz\/wp-content\/uploads\/2023\/10\/B3.pdf\" target=\"_blank\" rel=\"noopener\">B3<\/a><\/strong><\/td>\n<td><center><strong>51.9<\/strong><\/center><\/td>\n<td><strong>sklep, p\u0159edzahr\u00e1dka<\/strong><\/td>\n<td><center><strong>132<\/strong><\/center><\/td>\n<td>\n<b>dohodou<\/b>\n<\/td>\n<\/tr>\n<tr>\n<td><strong><a href=\"http:\/\/stavimeplzensko.cz\/wp-content\/uploads\/2023\/10\/B4.pdf\" target=\"_blank\" rel=\"noopener\">B4<\/a><\/strong><\/td>\n<td><center><strong>54.5<\/strong><\/center><\/td>\n<td><strong>sklep, balk\u00f3n<\/strong><\/td>\n<td><center><strong>10.1<\/strong><\/center><\/td>\n<td>\n<b>prod\u00e1no<\/b>\n<\/td>\n<\/tr>\n<tr>\n<td><strong>B5<\/strong><\/td>\n<td><center><strong>37.9<\/strong><\/center><\/td>\n<td><strong>sklep, balk\u00f3n<\/strong><\/td>\n<td><center><strong>10.1<\/strong><\/center><\/td>\n<td>\n<strong>prod\u00e1no<\/strong>\n<\/td>\n<\/tr>\n<tr>\n<td><strong><a href=\"http:\/\/stavimeplzensko.cz\/wp-content\/uploads\/2023\/10\/B6.pdf\" target=\"_blank\" rel=\"noopener\">B6<\/a><\/strong><\/td>\n<td><center><strong>49.7<\/strong><\/center><\/td>\n<td><strong>sklep, balk\u00f3n<\/strong><\/td>\n<td><center><strong>69.5<\/strong><\/center><\/td>\n<td>\n<strong>dohodou<\/strong>\n<\/td>\n<\/tr>\n<tr>\n<td><strong><a href=\"http:\/\/stavimeplzensko.cz\/wp-content\/uploads\/2023\/10\/B7.pdf\" target=\"_blank\" rel=\"noopener\">B7<\/a><\/strong><\/td>\n<td><center><strong>57.3<\/strong><\/center><\/td>\n<td><strong>sklep<\/strong><\/td>\n<td><center><strong>1.6<\/strong><\/center><\/td>\n<td>\n<strong><i>5 900 000,<\/i>&#8211;<\/strong>\n<\/td>\n<\/tr>\n<tr>\n<td><strong>B8<\/strong><\/td>\n<td><center><strong>38.1<\/strong><\/center><\/td>\n<td><strong>sklep<\/strong><\/td>\n<td><center><strong>1.5<\/strong><\/center><\/td>\n<td>\n<strong>prod\u00e1no<\/strong>\n<\/td>\n<\/tr>\n<tr>\n<td><strong>B9<\/strong><\/td>\n<td><center><strong>48.3<\/strong><\/center><\/td>\n<td><strong>sklep, balk\u00f3n<\/strong><\/td>\n<td><center><strong>7.6<\/strong><\/center><\/td>\n<td>\n<b>prod\u00e1no<\/b>\n<\/td>\n<\/tr>\n<\/tbody>\n<\/table>\n<p>[drawattention]<br \/>\n\t\t\t\t\t\t\t\t\t\t\t\t\t\t<a href=\"http:\/\/stavimeplzensko.cz\/wp-content\/uploads\/2023\/03\/pudorys_dnesice_prizemi-1-e1679990980501.png\" data-elementor-open-lightbox=\"yes\" data-elementor-lightbox-title=\"pudorys_dnesice_prizemi\" data-e-action-hash=\"#elementor-action%3Aaction%3Dlightbox%26settings%3DeyJpZCI6MzI0MiwidXJsIjoiaHR0cHM6XC9cL3N0YXZpbWVwbHplbnNrby5jelwvd3AtY29udGVudFwvdXBsb2Fkc1wvMjAyM1wvMDNcL3B1ZG9yeXNfZG5lc2ljZV9wcml6ZW1pLTEtZTE2Nzk5OTA5ODA1MDEucG5nIn0%3D\"><br \/>\n\t\t\t\t\t\t\t<img loading=\"lazy\" decoding=\"async\" width=\"2691\" height=\"2112\" src=\"https:\/\/stavimeplzensko.cz\/wp-content\/uploads\/2023\/03\/pudorys_dnesice_prizemi-1-e1679990980501.png\" alt=\"\" srcset=\"https:\/\/stavimeplzensko.cz\/wp-content\/uploads\/2023\/03\/pudorys_dnesice_prizemi-1-e1679990980501.png 2691w, https:\/\/stavimeplzensko.cz\/wp-content\/uploads\/2023\/03\/pudorys_dnesice_prizemi-1-e1679990980501-300x235.png 300w, https:\/\/stavimeplzensko.cz\/wp-content\/uploads\/2023\/03\/pudorys_dnesice_prizemi-1-e1679990980501-1024x804.png 1024w, https:\/\/stavimeplzensko.cz\/wp-content\/uploads\/2023\/03\/pudorys_dnesice_prizemi-1-e1679990980501-768x603.png 768w, https:\/\/stavimeplzensko.cz\/wp-content\/uploads\/2023\/03\/pudorys_dnesice_prizemi-1-e1679990980501-1536x1206.png 1536w, https:\/\/stavimeplzensko.cz\/wp-content\/uploads\/2023\/03\/pudorys_dnesice_prizemi-1-e1679990980501-2048x1607.png 2048w\" sizes=\"auto, (max-width: 2691px) 100vw, 2691px\" \/>\t\t\t\t\t\t\t\t<\/a><br \/>\n\t\t\t\t\t\t\t\t\t\t\t\t\t\t<a href=\"http:\/\/stavimeplzensko.cz\/wp-content\/uploads\/2023\/03\/pudorys_dnesice_patro-e1679991126826.png\" data-elementor-open-lightbox=\"yes\" data-elementor-lightbox-title=\"pudorys_dnesice_patro\" data-e-action-hash=\"#elementor-action%3Aaction%3Dlightbox%26settings%3DeyJpZCI6MzIzOSwidXJsIjoiaHR0cHM6XC9cL3N0YXZpbWVwbHplbnNrby5jelwvd3AtY29udGVudFwvdXBsb2Fkc1wvMjAyM1wvMDNcL3B1ZG9yeXNfZG5lc2ljZV9wYXRyby1lMTY3OTk5MTEyNjgyNi5wbmcifQ%3D%3D\"><br \/>\n\t\t\t\t\t\t\t<img loading=\"lazy\" decoding=\"async\" width=\"2688\" height=\"2112\" src=\"https:\/\/stavimeplzensko.cz\/wp-content\/uploads\/2023\/03\/pudorys_dnesice_patro-e1679991126826.png\" alt=\"\" srcset=\"https:\/\/stavimeplzensko.cz\/wp-content\/uploads\/2023\/03\/pudorys_dnesice_patro-e1679991126826.png 2688w, https:\/\/stavimeplzensko.cz\/wp-content\/uploads\/2023\/03\/pudorys_dnesice_patro-e1679991126826-300x236.png 300w, https:\/\/stavimeplzensko.cz\/wp-content\/uploads\/2023\/03\/pudorys_dnesice_patro-e1679991126826-1024x805.png 1024w, https:\/\/stavimeplzensko.cz\/wp-content\/uploads\/2023\/03\/pudorys_dnesice_patro-e1679991126826-768x603.png 768w, https:\/\/stavimeplzensko.cz\/wp-content\/uploads\/2023\/03\/pudorys_dnesice_patro-e1679991126826-1536x1207.png 1536w, https:\/\/stavimeplzensko.cz\/wp-content\/uploads\/2023\/03\/pudorys_dnesice_patro-e1679991126826-2048x1609.png 2048w\" sizes=\"auto, (max-width: 2688px) 100vw, 2688px\" \/>\t\t\t\t\t\t\t\t<\/a><br \/>\n                                <a href=\"http:\/\/stavimeplzensko.cz\/wp-content\/uploads\/2023\/07\/DJI_0073-scaled.jpg\" rel=\"npgallery\"><br \/>\n                                    <img decoding=\"async\" src=\"https:\/\/stavimeplzensko.cz\/wp-content\/uploads\/2023\/07\/DJI_0073-scaled.jpg\" alt=\"\"><br \/>\n                                <\/a><br \/>\n                                <a href=\"http:\/\/stavimeplzensko.cz\/wp-content\/uploads\/2023\/03\/pokoj-11-scaled.jpg\" rel=\"npgallery\"><br \/>\n                                    <img decoding=\"async\" src=\"https:\/\/stavimeplzensko.cz\/wp-content\/uploads\/2023\/03\/pokoj-11-scaled.jpg\" alt=\"\"><br \/>\n                                <\/a><br \/>\n                                <a href=\"http:\/\/stavimeplzensko.cz\/wp-content\/uploads\/2023\/03\/pokoj-7-scaled.jpg\" rel=\"npgallery\"><br \/>\n                                    <img decoding=\"async\" src=\"https:\/\/stavimeplzensko.cz\/wp-content\/uploads\/2023\/03\/pokoj-7-scaled.jpg\" alt=\"\"><br \/>\n                                <\/a><br \/>\n                                <a href=\"http:\/\/stavimeplzensko.cz\/wp-content\/uploads\/2023\/03\/pokoj-3-scaled.jpg\" rel=\"npgallery\"><br \/>\n                                    <img decoding=\"async\" src=\"https:\/\/stavimeplzensko.cz\/wp-content\/uploads\/2023\/03\/pokoj-3-scaled.jpg\" alt=\"\"><br \/>\n                                <\/a><br \/>\n\t\t\t<a href=\"https:\/\/stavimeplzensko.cz\/kontakt\/\"><br \/>\n\t\t\t\t\t\t\t\t\tOzv\u011bte se n\u00e1m.<br \/>\n\t\t\t\t\t<\/a><\/p>\n","protected":false},"excerpt":{"rendered":"<p>BD Klatovsk\u00e1 Zobrazit v\u00edce: BD Klatovsk\u00e1 L\u00edb\u00ed se V\u00e1m kopce, jezera, lesy, sjezdovky, stezky, gastronomie, z\u00e1\u017eitky zkr\u00e1tka \u0160umava? P\u0159em\u00fd\u0161l\u00edte na dostupn\u00fdm bytem na \u0160umav\u011b pro rekreaci \u010di na pron\u00e1jem?M\u00e1me pro v\u00e1s nov\u00fd byt v bytov\u00e9m dom\u011b v \u017delezn\u00e9 Rud\u011b. Kousek do lesa i do centra \u017delezn\u00e9 Rudy, u sjezdovky Belveder a 500 m od nov\u00e9ho [&hellip;]<\/p>\n","protected":false},"author":1,"featured_media":0,"parent":0,"menu_order":0,"comment_status":"closed","ping_status":"open","template":"elementor_header_footer","meta":{"footnotes":""},"class_list":["post-3442","page","type-page","status-publish","hentry"],"yoast_head":"<!-- This site is optimized with the Yoast SEO plugin v27.0 - https:\/\/yoast.com\/product\/yoast-seo-wordpress\/ -->\n<title>Bytov\u00fd d\u016fm Klatovsk\u00e1 268 - stavimeplzensko.cz<\/title>\n<meta name=\"robots\" content=\"index, follow, max-snippet:-1, max-image-preview:large, max-video-preview:-1\" \/>\n<link rel=\"canonical\" href=\"https:\/\/stavimeplzensko.cz\/?page_id=3442\" \/>\n<meta property=\"og:locale\" content=\"cs_CZ\" \/>\n<meta property=\"og:type\" content=\"article\" \/>\n<meta property=\"og:title\" content=\"Bytov\u00fd d\u016fm Klatovsk\u00e1 268 - stavimeplzensko.cz\" \/>\n<meta property=\"og:description\" content=\"BD Klatovsk\u00e1 Zobrazit v\u00edce: BD Klatovsk\u00e1 L\u00edb\u00ed se V\u00e1m kopce, jezera, lesy, sjezdovky, stezky, gastronomie, z\u00e1\u017eitky zkr\u00e1tka \u0160umava? P\u0159em\u00fd\u0161l\u00edte na dostupn\u00fdm bytem na \u0160umav\u011b pro rekreaci \u010di na pron\u00e1jem?M\u00e1me pro v\u00e1s nov\u00fd byt v bytov\u00e9m dom\u011b v \u017delezn\u00e9 Rud\u011b. Kousek do lesa i do centra \u017delezn\u00e9 Rudy, u sjezdovky Belveder a 500 m od nov\u00e9ho [&hellip;]\" \/>\n<meta property=\"og:url\" content=\"https:\/\/stavimeplzensko.cz\/?page_id=3442\" \/>\n<meta property=\"og:site_name\" content=\"stavimeplzensko.cz\" \/>\n<meta property=\"article:modified_time\" content=\"2025-12-12T08:00:33+00:00\" \/>\n<meta property=\"og:image\" content=\"https:\/\/stavimeplzensko.cz\/wp-content\/uploads\/2023\/03\/pudorys_dnesice_prizemi-1-e1679990980501.png\" \/>\n<meta name=\"twitter:card\" content=\"summary_large_image\" \/>\n<meta name=\"twitter:label1\" content=\"Odhadovan\u00e1 doba \u010dten\u00ed\" \/>\n\t<meta name=\"twitter:data1\" content=\"3 minuty\" \/>\n<script type=\"application\/ld+json\" class=\"yoast-schema-graph\">{\"@context\":\"https:\/\/schema.org\",\"@graph\":[{\"@type\":\"WebPage\",\"@id\":\"https:\/\/stavimeplzensko.cz\/?page_id=3442\",\"url\":\"https:\/\/stavimeplzensko.cz\/?page_id=3442\",\"name\":\"Bytov\u00fd d\u016fm Klatovsk\u00e1 268 - stavimeplzensko.cz\",\"isPartOf\":{\"@id\":\"https:\/\/stavimeplzensko.cz\/#website\"},\"primaryImageOfPage\":{\"@id\":\"https:\/\/stavimeplzensko.cz\/?page_id=3442#primaryimage\"},\"image\":{\"@id\":\"https:\/\/stavimeplzensko.cz\/?page_id=3442#primaryimage\"},\"thumbnailUrl\":\"https:\/\/stavimeplzensko.cz\/wp-content\/uploads\/2023\/03\/pudorys_dnesice_prizemi-1-e1679990980501.png\",\"datePublished\":\"2023-04-24T10:30:04+00:00\",\"dateModified\":\"2025-12-12T08:00:33+00:00\",\"breadcrumb\":{\"@id\":\"https:\/\/stavimeplzensko.cz\/?page_id=3442#breadcrumb\"},\"inLanguage\":\"cs\",\"potentialAction\":[{\"@type\":\"ReadAction\",\"target\":[\"https:\/\/stavimeplzensko.cz\/?page_id=3442\"]}]},{\"@type\":\"ImageObject\",\"inLanguage\":\"cs\",\"@id\":\"https:\/\/stavimeplzensko.cz\/?page_id=3442#primaryimage\",\"url\":\"https:\/\/stavimeplzensko.cz\/wp-content\/uploads\/2023\/03\/pudorys_dnesice_prizemi-1-e1679990980501.png\",\"contentUrl\":\"https:\/\/stavimeplzensko.cz\/wp-content\/uploads\/2023\/03\/pudorys_dnesice_prizemi-1-e1679990980501.png\",\"width\":2691,\"height\":2112},{\"@type\":\"BreadcrumbList\",\"@id\":\"https:\/\/stavimeplzensko.cz\/?page_id=3442#breadcrumb\",\"itemListElement\":[{\"@type\":\"ListItem\",\"position\":1,\"name\":\"Dom\u016f\",\"item\":\"https:\/\/stavimeplzensko.cz\/\"},{\"@type\":\"ListItem\",\"position\":2,\"name\":\"Bytov\u00fd d\u016fm Klatovsk\u00e1 268\"}]},{\"@type\":\"WebSite\",\"@id\":\"https:\/\/stavimeplzensko.cz\/#website\",\"url\":\"https:\/\/stavimeplzensko.cz\/\",\"name\":\"stavimeplzensko.cz\",\"description\":\"Development | stavebnictv\u00ed | rekonstrukce\",\"alternateName\":\"Stav\u00edme Plze\u0148sko\",\"potentialAction\":[{\"@type\":\"SearchAction\",\"target\":{\"@type\":\"EntryPoint\",\"urlTemplate\":\"https:\/\/stavimeplzensko.cz\/?s={search_term_string}\"},\"query-input\":{\"@type\":\"PropertyValueSpecification\",\"valueRequired\":true,\"valueName\":\"search_term_string\"}}],\"inLanguage\":\"cs\"}]}<\/script>\n<!-- \/ Yoast SEO plugin. -->","yoast_head_json":{"title":"Bytov\u00fd d\u016fm Klatovsk\u00e1 268 - stavimeplzensko.cz","robots":{"index":"index","follow":"follow","max-snippet":"max-snippet:-1","max-image-preview":"max-image-preview:large","max-video-preview":"max-video-preview:-1"},"canonical":"https:\/\/stavimeplzensko.cz\/?page_id=3442","og_locale":"cs_CZ","og_type":"article","og_title":"Bytov\u00fd d\u016fm Klatovsk\u00e1 268 - stavimeplzensko.cz","og_description":"BD Klatovsk\u00e1 Zobrazit v\u00edce: BD Klatovsk\u00e1 L\u00edb\u00ed se V\u00e1m kopce, jezera, lesy, sjezdovky, stezky, gastronomie, z\u00e1\u017eitky zkr\u00e1tka \u0160umava? P\u0159em\u00fd\u0161l\u00edte na dostupn\u00fdm bytem na \u0160umav\u011b pro rekreaci \u010di na pron\u00e1jem?M\u00e1me pro v\u00e1s nov\u00fd byt v bytov\u00e9m dom\u011b v \u017delezn\u00e9 Rud\u011b. Kousek do lesa i do centra \u017delezn\u00e9 Rudy, u sjezdovky Belveder a 500 m od nov\u00e9ho [&hellip;]","og_url":"https:\/\/stavimeplzensko.cz\/?page_id=3442","og_site_name":"stavimeplzensko.cz","article_modified_time":"2025-12-12T08:00:33+00:00","og_image":[{"url":"https:\/\/stavimeplzensko.cz\/wp-content\/uploads\/2023\/03\/pudorys_dnesice_prizemi-1-e1679990980501.png","type":"","width":"","height":""}],"twitter_card":"summary_large_image","twitter_misc":{"Odhadovan\u00e1 doba \u010dten\u00ed":"3 minuty"},"schema":{"@context":"https:\/\/schema.org","@graph":[{"@type":"WebPage","@id":"https:\/\/stavimeplzensko.cz\/?page_id=3442","url":"https:\/\/stavimeplzensko.cz\/?page_id=3442","name":"Bytov\u00fd d\u016fm Klatovsk\u00e1 268 - stavimeplzensko.cz","isPartOf":{"@id":"https:\/\/stavimeplzensko.cz\/#website"},"primaryImageOfPage":{"@id":"https:\/\/stavimeplzensko.cz\/?page_id=3442#primaryimage"},"image":{"@id":"https:\/\/stavimeplzensko.cz\/?page_id=3442#primaryimage"},"thumbnailUrl":"https:\/\/stavimeplzensko.cz\/wp-content\/uploads\/2023\/03\/pudorys_dnesice_prizemi-1-e1679990980501.png","datePublished":"2023-04-24T10:30:04+00:00","dateModified":"2025-12-12T08:00:33+00:00","breadcrumb":{"@id":"https:\/\/stavimeplzensko.cz\/?page_id=3442#breadcrumb"},"inLanguage":"cs","potentialAction":[{"@type":"ReadAction","target":["https:\/\/stavimeplzensko.cz\/?page_id=3442"]}]},{"@type":"ImageObject","inLanguage":"cs","@id":"https:\/\/stavimeplzensko.cz\/?page_id=3442#primaryimage","url":"https:\/\/stavimeplzensko.cz\/wp-content\/uploads\/2023\/03\/pudorys_dnesice_prizemi-1-e1679990980501.png","contentUrl":"https:\/\/stavimeplzensko.cz\/wp-content\/uploads\/2023\/03\/pudorys_dnesice_prizemi-1-e1679990980501.png","width":2691,"height":2112},{"@type":"BreadcrumbList","@id":"https:\/\/stavimeplzensko.cz\/?page_id=3442#breadcrumb","itemListElement":[{"@type":"ListItem","position":1,"name":"Dom\u016f","item":"https:\/\/stavimeplzensko.cz\/"},{"@type":"ListItem","position":2,"name":"Bytov\u00fd d\u016fm Klatovsk\u00e1 268"}]},{"@type":"WebSite","@id":"https:\/\/stavimeplzensko.cz\/#website","url":"https:\/\/stavimeplzensko.cz\/","name":"stavimeplzensko.cz","description":"Development | stavebnictv\u00ed | rekonstrukce","alternateName":"Stav\u00edme Plze\u0148sko","potentialAction":[{"@type":"SearchAction","target":{"@type":"EntryPoint","urlTemplate":"https:\/\/stavimeplzensko.cz\/?s={search_term_string}"},"query-input":{"@type":"PropertyValueSpecification","valueRequired":true,"valueName":"search_term_string"}}],"inLanguage":"cs"}]}},"_links":{"self":[{"href":"https:\/\/stavimeplzensko.cz\/index.php?rest_route=\/wp\/v2\/pages\/3442","targetHints":{"allow":["GET"]}}],"collection":[{"href":"https:\/\/stavimeplzensko.cz\/index.php?rest_route=\/wp\/v2\/pages"}],"about":[{"href":"https:\/\/stavimeplzensko.cz\/index.php?rest_route=\/wp\/v2\/types\/page"}],"author":[{"embeddable":true,"href":"https:\/\/stavimeplzensko.cz\/index.php?rest_route=\/wp\/v2\/users\/1"}],"replies":[{"embeddable":true,"href":"https:\/\/stavimeplzensko.cz\/index.php?rest_route=%2Fwp%2Fv2%2Fcomments&post=3442"}],"version-history":[{"count":130,"href":"https:\/\/stavimeplzensko.cz\/index.php?rest_route=\/wp\/v2\/pages\/3442\/revisions"}],"predecessor-version":[{"id":3945,"href":"https:\/\/stavimeplzensko.cz\/index.php?rest_route=\/wp\/v2\/pages\/3442\/revisions\/3945"}],"wp:attachment":[{"href":"https:\/\/stavimeplzensko.cz\/index.php?rest_route=%2Fwp%2Fv2%2Fmedia&parent=3442"}],"curies":[{"name":"wp","href":"https:\/\/api.w.org\/{rel}","templated":true}]}}