{"id":455,"date":"2020-09-04T09:27:58","date_gmt":"2020-09-04T09:27:58","guid":{"rendered":"http:\/\/wpdemo.archiwp.com\/maxbizz\/?page_id=455"},"modified":"2024-05-22T21:04:05","modified_gmt":"2024-05-22T21:04:05","slug":"kontakt","status":"publish","type":"page","link":"https:\/\/stavimeplzensko.cz\/?page_id=455","title":{"rendered":"Kontakt"},"content":{"rendered":"<p>Spojte se s n\u00e1mi\t        <\/p>\n<h3>Kontakt<\/h3>\n<p>\t\t        <?xml version=\"1.0\" encoding=\"iso-8859-1\"?><br \/>\n<!-- Generator: Adobe Illustrator 19.0.0, SVG Export Plug-In . SVG Version: 6.00 Build 0)  --><br \/>\n<svg version=\"1.1\" xmlns=\"http:\/\/www.w3.org\/2000\/svg\" xmlns:xlink=\"http:\/\/www.w3.org\/1999\/xlink\" x=\"0px\" y=\"0px\"\n\t viewBox=\"0 0 512 512\" style=\"enable-background:new 0 0 512 512;\" xml:space=\"preserve\">\n<g>\n\t<g>\n\t\t<path d=\"M256,0C150.125,0,64,86.135,64,192c0,141.646,177.146,310,184.688,317.104C250.75,511.031,253.375,512,256,512\n\t\t\ts5.25-0.969,7.313-2.896C270.854,502,448,333.646,448,192C448,86.135,361.875,0,256,0z M256,298.667\n\t\t\tc-58.813,0-106.667-47.854-106.667-106.667S197.188,85.333,256,85.333S362.667,133.188,362.667,192S314.813,298.667,256,298.667z\"\n\t\t\t\/>\n\t<\/g>\n<\/g>\n<\/svg><\/p>\n<h6>Nav\u0161tivte n\u00e1s<\/h6>\n<p>Zikmunda Wintra 1208\/7, Plze\u0148<\/p>\n<p>\t\t        <?xml version=\"1.0\" encoding=\"iso-8859-1\"?><br \/>\n<!-- Generator: Adobe Illustrator 19.0.0, SVG Export Plug-In . SVG Version: 6.00 Build 0)  --><br \/>\n<svg version=\"1.1\" xmlns=\"http:\/\/www.w3.org\/2000\/svg\" xmlns:xlink=\"http:\/\/www.w3.org\/1999\/xlink\" x=\"0px\" y=\"0px\"\n\t viewBox=\"0 0 384 384\" style=\"enable-background:new 0 0 384 384;\" xml:space=\"preserve\">\n<g>\n\t<g>\n\t\t<path d=\"M353.188,252.052c-23.51,0-46.594-3.677-68.469-10.906c-10.719-3.656-23.896-0.302-30.438,6.417l-43.177,32.594\n\t\t\tc-50.073-26.729-80.917-57.563-107.281-107.26l31.635-42.052c8.219-8.208,11.167-20.198,7.635-31.448\n\t\t\tc-7.26-21.99-10.948-45.063-10.948-68.583C132.146,13.823,118.323,0,101.333,0H30.813C13.823,0,0,13.823,0,30.813\n\t\t\tC0,225.563,158.438,384,353.188,384c16.99,0,30.813-13.823,30.813-30.813v-70.323C384,265.875,370.177,252.052,353.188,252.052z\"\n\t\t\t\/>\n\t<\/g>\n<\/g>\n<\/svg><\/p>\n<h6>Zavolejte n\u00e1s<\/h6>\n<p><strong>Prodej<\/strong> +420 721 385 578 Jaroslava \u0160vojgrov\u00e1<br \/>\n<strong>Finance<\/strong> +420 601 387 444 Pavel Kastner<br \/>\n<strong>Stavby<\/strong> +420 731 804 049 Radek Trnka<br \/>\n<strong>Stavby<\/strong> +420 607 850 843 Jakub Ko\u0159\u00ednek<\/p>\n<p>\t\t        <svg enable-background=\"new 0 0 24 24\" viewBox=\"0 0 24 24\" xmlns=\"http:\/\/www.w3.org\/2000\/svg\"><path d=\"m8.75 17.612v4.638c0 .324.208.611.516.713.077.025.156.037.234.037.234 0 .46-.11.604-.306l2.713-3.692z\"\/><path d=\"m23.685.139c-.23-.163-.532-.185-.782-.054l-22.5 11.75c-.266.139-.423.423-.401.722.023.3.222.556.505.653l6.255 2.138 13.321-11.39-10.308 12.419 10.483 3.583c.078.026.16.04.242.04.136 0 .271-.037.39-.109.19-.116.319-.311.352-.53l2.75-18.5c.041-.28-.077-.558-.307-.722z\"\/><\/svg>\t        <\/p>\n<h6><a href=\"mailto:info@stavimeplzensko.cz\">Napi\u0161te n\u00e1m<\/a><\/h6>\n<p>info@stavimeplzensko.cz<\/p>\n<p>\t\t\t<iframe frameborder=\"0\" scrolling=\"no\" marginheight=\"0\" marginwidth=\"0\"\n\t\t\t\t\tsrc=\"https:\/\/maps.google.com\/maps?q=Zikmunda%20Wintra%201208%2F7%2C%20Plze%C5%88&#038;t=m&#038;z=10&#038;output=embed&#038;iwloc=near\"\n\t\t\t\t\ttitle=\"Zikmunda Wintra 1208\/7, Plze\u0148\"\n\t\t\t\t\taria-label=\"Zikmunda Wintra 1208\/7, Plze\u0148\"\n\t\t\t><\/iframe><br \/>\n\t\t\t\t\t\t\t\t\t\t\t\t\t\t\t<img decoding=\"async\" width=\"1024\" height=\"681\" src=\"https:\/\/stavimeplzensko.cz\/wp-content\/uploads\/2023\/03\/pokoj-7-1024x681.jpg\" alt=\"\" loading=\"lazy\" srcset=\"https:\/\/stavimeplzensko.cz\/wp-content\/uploads\/2023\/03\/pokoj-7-1024x681.jpg 1024w, https:\/\/stavimeplzensko.cz\/wp-content\/uploads\/2023\/03\/pokoj-7-300x200.jpg 300w, https:\/\/stavimeplzensko.cz\/wp-content\/uploads\/2023\/03\/pokoj-7-768x511.jpg 768w, https:\/\/stavimeplzensko.cz\/wp-content\/uploads\/2023\/03\/pokoj-7-1536x1022.jpg 1536w, https:\/\/stavimeplzensko.cz\/wp-content\/uploads\/2023\/03\/pokoj-7-2048x1363.jpg 2048w, https:\/\/stavimeplzensko.cz\/wp-content\/uploads\/2023\/03\/pokoj-7-600x400.jpg 600w\" sizes=\"auto, (max-width: 1024px) 100vw, 1024px\" \/><br \/>\n\t\t\t\t\t\t\t\t\t\t\t\t\t\t\t<img decoding=\"async\" width=\"1024\" height=\"681\" src=\"https:\/\/stavimeplzensko.cz\/wp-content\/uploads\/2023\/03\/pokoj-3-1024x681.jpg\" alt=\"\" loading=\"lazy\" srcset=\"https:\/\/stavimeplzensko.cz\/wp-content\/uploads\/2023\/03\/pokoj-3-1024x681.jpg 1024w, https:\/\/stavimeplzensko.cz\/wp-content\/uploads\/2023\/03\/pokoj-3-300x200.jpg 300w, https:\/\/stavimeplzensko.cz\/wp-content\/uploads\/2023\/03\/pokoj-3-768x511.jpg 768w, https:\/\/stavimeplzensko.cz\/wp-content\/uploads\/2023\/03\/pokoj-3-1536x1022.jpg 1536w, https:\/\/stavimeplzensko.cz\/wp-content\/uploads\/2023\/03\/pokoj-3-2048x1363.jpg 2048w, https:\/\/stavimeplzensko.cz\/wp-content\/uploads\/2023\/03\/pokoj-3-600x400.jpg 600w\" sizes=\"auto, (max-width: 1024px) 100vw, 1024px\" \/><\/p>\n","protected":false},"excerpt":{"rendered":"<p>Spojte se s n\u00e1mi Kontakt Nav\u0161tivte n\u00e1s Zikmunda Wintra 1208\/7, Plze\u0148 Zavolejte n\u00e1s Prodej +420 721 385 578 Jaroslava \u0160vojgrov\u00e1 Finance +420 601 387 444 Pavel Kastner Stavby +420 731 804 049 Radek Trnka Stavby +420 607 850 843 Jakub Ko\u0159\u00ednek Napi\u0161te n\u00e1m info@stavimeplzensko.cz<\/p>\n","protected":false},"author":1,"featured_media":0,"parent":0,"menu_order":0,"comment_status":"closed","ping_status":"closed","template":"","meta":{"footnotes":""},"class_list":["post-455","page","type-page","status-publish","hentry"],"yoast_head":"<!-- This site is optimized with the Yoast SEO plugin v27.0 - https:\/\/yoast.com\/product\/yoast-seo-wordpress\/ -->\n<title>Kontakt - stavimeplzensko.cz<\/title>\n<meta name=\"robots\" content=\"index, follow, max-snippet:-1, max-image-preview:large, max-video-preview:-1\" \/>\n<link rel=\"canonical\" href=\"https:\/\/stavimeplzensko.cz\/?page_id=455\" \/>\n<meta property=\"og:locale\" content=\"cs_CZ\" \/>\n<meta property=\"og:type\" content=\"article\" \/>\n<meta property=\"og:title\" content=\"Kontakt - stavimeplzensko.cz\" \/>\n<meta property=\"og:description\" content=\"Spojte se s n\u00e1mi Kontakt Nav\u0161tivte n\u00e1s Zikmunda Wintra 1208\/7, Plze\u0148 Zavolejte n\u00e1s Prodej +420 721 385 578 Jaroslava \u0160vojgrov\u00e1 Finance +420 601 387 444 Pavel Kastner Stavby +420 731 804 049 Radek Trnka Stavby +420 607 850 843 Jakub Ko\u0159\u00ednek Napi\u0161te n\u00e1m info@stavimeplzensko.cz\" \/>\n<meta property=\"og:url\" content=\"https:\/\/stavimeplzensko.cz\/?page_id=455\" \/>\n<meta property=\"og:site_name\" content=\"stavimeplzensko.cz\" \/>\n<meta property=\"article:modified_time\" content=\"2024-05-22T21:04:05+00:00\" \/>\n<meta property=\"og:image\" content=\"https:\/\/stavimeplzensko.cz\/wp-content\/uploads\/2023\/03\/pokoj-7-1024x681.jpg\" \/>\n<meta name=\"twitter:card\" content=\"summary_large_image\" \/>\n<meta name=\"twitter:label1\" content=\"Odhadovan\u00e1 doba \u010dten\u00ed\" \/>\n\t<meta name=\"twitter:data1\" content=\"1 minuta\" \/>\n<script type=\"application\/ld+json\" class=\"yoast-schema-graph\">{\"@context\":\"https:\/\/schema.org\",\"@graph\":[{\"@type\":\"WebPage\",\"@id\":\"https:\/\/stavimeplzensko.cz\/?page_id=455\",\"url\":\"https:\/\/stavimeplzensko.cz\/?page_id=455\",\"name\":\"Kontakt - stavimeplzensko.cz\",\"isPartOf\":{\"@id\":\"https:\/\/stavimeplzensko.cz\/#website\"},\"primaryImageOfPage\":{\"@id\":\"https:\/\/stavimeplzensko.cz\/?page_id=455#primaryimage\"},\"image\":{\"@id\":\"https:\/\/stavimeplzensko.cz\/?page_id=455#primaryimage\"},\"thumbnailUrl\":\"https:\/\/stavimeplzensko.cz\/wp-content\/uploads\/2023\/03\/pokoj-7-1024x681.jpg\",\"datePublished\":\"2020-09-04T09:27:58+00:00\",\"dateModified\":\"2024-05-22T21:04:05+00:00\",\"breadcrumb\":{\"@id\":\"https:\/\/stavimeplzensko.cz\/?page_id=455#breadcrumb\"},\"inLanguage\":\"cs\",\"potentialAction\":[{\"@type\":\"ReadAction\",\"target\":[\"https:\/\/stavimeplzensko.cz\/?page_id=455\"]}]},{\"@type\":\"ImageObject\",\"inLanguage\":\"cs\",\"@id\":\"https:\/\/stavimeplzensko.cz\/?page_id=455#primaryimage\",\"url\":\"https:\/\/stavimeplzensko.cz\/wp-content\/uploads\/2023\/03\/pokoj-7-scaled.jpg\",\"contentUrl\":\"https:\/\/stavimeplzensko.cz\/wp-content\/uploads\/2023\/03\/pokoj-7-scaled.jpg\",\"width\":2560,\"height\":1703},{\"@type\":\"BreadcrumbList\",\"@id\":\"https:\/\/stavimeplzensko.cz\/?page_id=455#breadcrumb\",\"itemListElement\":[{\"@type\":\"ListItem\",\"position\":1,\"name\":\"Dom\u016f\",\"item\":\"https:\/\/stavimeplzensko.cz\/\"},{\"@type\":\"ListItem\",\"position\":2,\"name\":\"Kontakt\"}]},{\"@type\":\"WebSite\",\"@id\":\"https:\/\/stavimeplzensko.cz\/#website\",\"url\":\"https:\/\/stavimeplzensko.cz\/\",\"name\":\"stavimeplzensko.cz\",\"description\":\"Development | stavebnictv\u00ed | rekonstrukce\",\"alternateName\":\"Stav\u00edme Plze\u0148sko\",\"potentialAction\":[{\"@type\":\"SearchAction\",\"target\":{\"@type\":\"EntryPoint\",\"urlTemplate\":\"https:\/\/stavimeplzensko.cz\/?s={search_term_string}\"},\"query-input\":{\"@type\":\"PropertyValueSpecification\",\"valueRequired\":true,\"valueName\":\"search_term_string\"}}],\"inLanguage\":\"cs\"}]}<\/script>\n<!-- \/ Yoast SEO plugin. -->","yoast_head_json":{"title":"Kontakt - stavimeplzensko.cz","robots":{"index":"index","follow":"follow","max-snippet":"max-snippet:-1","max-image-preview":"max-image-preview:large","max-video-preview":"max-video-preview:-1"},"canonical":"https:\/\/stavimeplzensko.cz\/?page_id=455","og_locale":"cs_CZ","og_type":"article","og_title":"Kontakt - stavimeplzensko.cz","og_description":"Spojte se s n\u00e1mi Kontakt Nav\u0161tivte n\u00e1s Zikmunda Wintra 1208\/7, Plze\u0148 Zavolejte n\u00e1s Prodej +420 721 385 578 Jaroslava \u0160vojgrov\u00e1 Finance +420 601 387 444 Pavel Kastner Stavby +420 731 804 049 Radek Trnka Stavby +420 607 850 843 Jakub Ko\u0159\u00ednek Napi\u0161te n\u00e1m info@stavimeplzensko.cz","og_url":"https:\/\/stavimeplzensko.cz\/?page_id=455","og_site_name":"stavimeplzensko.cz","article_modified_time":"2024-05-22T21:04:05+00:00","og_image":[{"url":"https:\/\/stavimeplzensko.cz\/wp-content\/uploads\/2023\/03\/pokoj-7-1024x681.jpg","type":"","width":"","height":""}],"twitter_card":"summary_large_image","twitter_misc":{"Odhadovan\u00e1 doba \u010dten\u00ed":"1 minuta"},"schema":{"@context":"https:\/\/schema.org","@graph":[{"@type":"WebPage","@id":"https:\/\/stavimeplzensko.cz\/?page_id=455","url":"https:\/\/stavimeplzensko.cz\/?page_id=455","name":"Kontakt - stavimeplzensko.cz","isPartOf":{"@id":"https:\/\/stavimeplzensko.cz\/#website"},"primaryImageOfPage":{"@id":"https:\/\/stavimeplzensko.cz\/?page_id=455#primaryimage"},"image":{"@id":"https:\/\/stavimeplzensko.cz\/?page_id=455#primaryimage"},"thumbnailUrl":"https:\/\/stavimeplzensko.cz\/wp-content\/uploads\/2023\/03\/pokoj-7-1024x681.jpg","datePublished":"2020-09-04T09:27:58+00:00","dateModified":"2024-05-22T21:04:05+00:00","breadcrumb":{"@id":"https:\/\/stavimeplzensko.cz\/?page_id=455#breadcrumb"},"inLanguage":"cs","potentialAction":[{"@type":"ReadAction","target":["https:\/\/stavimeplzensko.cz\/?page_id=455"]}]},{"@type":"ImageObject","inLanguage":"cs","@id":"https:\/\/stavimeplzensko.cz\/?page_id=455#primaryimage","url":"https:\/\/stavimeplzensko.cz\/wp-content\/uploads\/2023\/03\/pokoj-7-scaled.jpg","contentUrl":"https:\/\/stavimeplzensko.cz\/wp-content\/uploads\/2023\/03\/pokoj-7-scaled.jpg","width":2560,"height":1703},{"@type":"BreadcrumbList","@id":"https:\/\/stavimeplzensko.cz\/?page_id=455#breadcrumb","itemListElement":[{"@type":"ListItem","position":1,"name":"Dom\u016f","item":"https:\/\/stavimeplzensko.cz\/"},{"@type":"ListItem","position":2,"name":"Kontakt"}]},{"@type":"WebSite","@id":"https:\/\/stavimeplzensko.cz\/#website","url":"https:\/\/stavimeplzensko.cz\/","name":"stavimeplzensko.cz","description":"Development | stavebnictv\u00ed | rekonstrukce","alternateName":"Stav\u00edme Plze\u0148sko","potentialAction":[{"@type":"SearchAction","target":{"@type":"EntryPoint","urlTemplate":"https:\/\/stavimeplzensko.cz\/?s={search_term_string}"},"query-input":{"@type":"PropertyValueSpecification","valueRequired":true,"valueName":"search_term_string"}}],"inLanguage":"cs"}]}},"_links":{"self":[{"href":"https:\/\/stavimeplzensko.cz\/index.php?rest_route=\/wp\/v2\/pages\/455","targetHints":{"allow":["GET"]}}],"collection":[{"href":"https:\/\/stavimeplzensko.cz\/index.php?rest_route=\/wp\/v2\/pages"}],"about":[{"href":"https:\/\/stavimeplzensko.cz\/index.php?rest_route=\/wp\/v2\/types\/page"}],"author":[{"embeddable":true,"href":"https:\/\/stavimeplzensko.cz\/index.php?rest_route=\/wp\/v2\/users\/1"}],"replies":[{"embeddable":true,"href":"https:\/\/stavimeplzensko.cz\/index.php?rest_route=%2Fwp%2Fv2%2Fcomments&post=455"}],"version-history":[{"count":45,"href":"https:\/\/stavimeplzensko.cz\/index.php?rest_route=\/wp\/v2\/pages\/455\/revisions"}],"predecessor-version":[{"id":3909,"href":"https:\/\/stavimeplzensko.cz\/index.php?rest_route=\/wp\/v2\/pages\/455\/revisions\/3909"}],"wp:attachment":[{"href":"https:\/\/stavimeplzensko.cz\/index.php?rest_route=%2Fwp%2Fv2%2Fmedia&parent=455"}],"curies":[{"name":"wp","href":"https:\/\/api.w.org\/{rel}","templated":true}]}}